{"id":4527,"date":"2024-06-16T21:30:56","date_gmt":"2024-06-17T01:30:56","guid":{"rendered":"https:\/\/cbbenefits.ca\/gouvernance\/vue-densemble\/"},"modified":"2024-09-30T15:58:46","modified_gmt":"2024-09-30T19:58:46","slug":"apercu","status":"publish","type":"page","link":"https:\/\/bcavantages.ca\/fr\/gouvernance\/apercu\/","title":{"rendered":"Aper\u00e7u"},"content":{"rendered":"  <div id=\"page-hero-block_391d8d46e1c67ecf04322f8814dddf06\" class=\"page-hero\">\r\n    <div class=\"page-hero__container grey\" >\r\n      <div class=\"page-hero__image\">\r\n        <div class=\"page-hero__image__circle\">\r\n          <div class=\"page-hero__image__circle__bottom moreleft\" style=\"background-image:url('\/wp-content\/uploads\/2024\/09\/cbbenefits-banner-image-team-meeting-02-1920x1012.jpg')\"><\/div>\r\n        <\/div>\r\n      <\/div>\r\n      <div class=\"page-hero__wrapper\">\r\n        <div class=\"page-hero__breadcrumb\">\r\n          <h1>\r\n                          <a href=\"\/fr\/gouvernance\/\"><span class=\"page-hero__breadcrumb__parent\">Gouvernance<\/span><\/a> <span class=\"page-hero__breadcrumb__separator\">|<\/span>\r\n                        <span class=\"page-hero__breadcrumb__current\">\r\n                              Overview                          <\/span>\r\n          <\/h1>\r\n        <\/div>\r\n      <\/div>\r\n    <\/div>\r\n  <\/div>\r\n\n\n\n<h2 class=\"wp-block-heading\">\u00c0 propos de la gouvernance<\/h2>\n\n\n\n<p>Le R\u00e9gime de retraite Baptiste canadien (RRBC), qui a \u00e9t\u00e9 cr\u00e9\u00e9 vers la fin des ann\u00e9es 1950 par la F\u00e9d\u00e9ration des \u00e9glises baptistes du Canada, \u00e9tait \u00e0 l\u2019origine un r\u00e9gime de retraite \u00e0 prestations d\u00e9termin\u00e9es.<\/p>\n\n\n\n<p>Pour superviser les activit\u00e9s de gouvernance et de maintien du RRBC et du r\u00e9gime d\u2019avantages sociaux et d\u2019assurance collectif des employ\u00e9s (RASBC), le Conseil d\u2019administration des Minist\u00e8res baptistes canadiens a \u00e9t\u00e9 \u00e9tabli. Ses membres travaillent en collaboration avec les partenaires confessionnels du Canada.<\/p>\n\n\n\n<p>Le Conseil d\u2019administration, qui joue le r\u00f4le d\u2019administrateur et de promoteur du r\u00e9gime, compte sur l\u2019appui d\u2019un personnel d\u00e9vou\u00e9, d\u2019un Comit\u00e9 d\u2019audit \u00e9tabli et d\u2019un Comit\u00e9 de retraite et d\u2019assurance. Ensemble, ils r\u00e9gissent, g\u00e8rent et exploitent le RRBC et le RASBC, ainsi que l\u2019actif de ces r\u00e9gimes.<\/p>\n\n\n\n<p><\/p>\n\n\n\n<figure class=\"wp-block-image size-full is-resized is-style-default\"><img loading=\"lazy\" decoding=\"async\" width=\"799\" height=\"450\" src=\"\/wp-content\/uploads\/2024\/09\/Board-composition_blue_fr.png\" alt=\"\" class=\"wp-image-4357\" style=\"width:600px\" srcset=\"\/wp-content\/uploads\/2024\/09\/Board-composition_blue_fr.png 799w, \/wp-content\/uploads\/2024\/09\/Board-composition_blue_fr-768x433.png 768w\" sizes=\"auto, (max-width: 799px) 100vw, 799px\" \/><\/figure>\n\n\n\n<p><\/p>\n\n\n   <div id=\"anchor-link-block_d0f0a3bc6742f53823e5f9f4e0091ccf\" class=\"anchor-link\">\r\n      <a name=\"pi-committee\" class=\"anchor\"><\/a>\r\n   <\/div>\r\n\n\n\n<h2 class=\"wp-block-heading\"><strong>Le Comit\u00e9 de retraite et d\u2019assurance du r\u00e9gime BC Avantages<\/strong><\/h2>\n\n\n\n<p><em><em>Sa mission :<\/em><\/em> <\/p>\n\n\n\n<p><strong><em>Aider le RRBC et le RASBC \u00e0 respecter leurs objectifs en mati\u00e8re de conception, de suivi et d\u2019\u00e9valuation pour veiller \u00e0 offrir une qualit\u00e9 sup\u00e9rieure et \u00e0 \u00eatre rentables et abordables pour les participants et les employeurs.<\/em><\/strong><\/p>\n\n\n\n<p>Le Comit\u00e9 regroupe des membres du personnel des MBC et des repr\u00e9sentants des conventions et des syndicats. Deux fois par ann\u00e9e, le pr\u00e9sident est mis en candidature par les membres du Comit\u00e9 d\u2019experts ou par un membre \u00e0 titre personnel, et \u00e9lu par le Comit\u00e9.<\/p>\n\n\n\n<ul class=\"wp-block-list\">\n<li>Chaque membre du Comit\u00e9 est appel\u00e9 \u00e0 participer aux r\u00e9unions et \u00e0 formuler des commentaires constructifs pour influencer les d\u00e9cisions li\u00e9es aux activit\u00e9s des r\u00e9gimes.<\/li>\n\n\n\n<li>Le Comit\u00e9 entend se r\u00e9unir tous les six mois; toutefois, des r\u00e9unions extraordinaires pourraient, au besoin, \u00eatre convoqu\u00e9es afin de r\u00e9aliser de travaux additionnels entre les s\u00e9ances r\u00e9guli\u00e8res. De plus, tous les membres peuvent demander la tenue d\u2019une r\u00e9union extraordinaire, sous r\u00e9serve de l\u2019approbation du pr\u00e9sident du Comit\u00e9.<\/li>\n\n\n\n<li>Le Comit\u00e9 peut, au besoin, cr\u00e9er des sous-comit\u00e9s responsables de r\u00e9aliser des t\u00e2ches sp\u00e9cifiques en lien avec le RRBC et\/ou le RASBC.<\/li>\n<\/ul>\n\n\n\n<p><\/p>\n\n\n<div class=\"wp-block-image\">\n<figure class=\"aligncenter size-full is-resized\"><img loading=\"lazy\" decoding=\"async\" width=\"555\" height=\"534\" src=\"\/wp-content\/uploads\/2024\/09\/PICommittee_Opt2_fr.png\" alt=\"\" class=\"wp-image-4359\" style=\"width:600px\"\/><\/figure>\n<\/div>\n\n\n<p><\/p>\n\n\n\n<section class=\"wp-block-group is-vertical is-content-justification-stretch is-layout-flex wp-container-core-group-is-layout-0a8f9e4e wp-block-group-is-layout-flex\">   <div id=\"anchor-link-block_bbf30c403f22d94c8ac4012e0de73336\" class=\"anchor-link\">\r\n      <a name=\"members\" class=\"anchor\"><\/a>\r\n   <\/div>\r\n\n\n\n<div class=\"wp-block-columns member-group is-layout-flex wp-container-core-columns-is-layout-9d6595d7 wp-block-columns-is-layout-flex\">\n<div class=\"wp-block-column is-layout-flow wp-block-column-is-layout-flow\"><\/div>\n\n\n\n<div class=\"wp-block-column is-layout-flow wp-block-column-is-layout-flow\"><\/div>\n<\/div>\n<\/section>\n\n\n\n<div class=\"wp-block-group\"><div class=\"wp-block-group__inner-container is-layout-constrained wp-block-group-is-layout-constrained\">   <div id=\"anchor-link-block_d8591407fd5342a09b06e204327ef9ca\" class=\"anchor-link\">\r\n      <a name=\"responsibilities\" class=\"anchor\"><\/a>\r\n   <\/div>\r\n\n\n\n<h2 class=\"wp-block-heading\"><strong>Responsabilit\u00e9s du Comit\u00e9 de retraite et d\u2019assurance<\/strong><\/h2>\n\n\n\n<p>Bien que la liste figurant ci-dessous ne soit pas exhaustive, elle offre un certain aper\u00e7u des responsabilit\u00e9s des membres de ce Comit\u00e9 :<\/p>\n\n\n\n<ul class=\"wp-block-list\">\n<li>d\u00e9terminer les niveaux acceptables des risques de placement au sein des portefeuilles;<\/li>\n\n\n\n<li>surveiller la performance des gestionnaires en placements pour optimiser le rendement des investissements \u00e0 long terme;<\/li>\n\n\n\n<li>g\u00e9rer les r\u00e9gimes de retraite et d\u2019avantages sociaux conform\u00e9ment aux exigences r\u00e9glementaires, aux obligations contractuelles et aux politiques internes;<\/li>\n\n\n\n<li>fournir des communications r\u00e9guli\u00e8res pour renseigner les employeurs et les participants sur les dispositions des r\u00e9gimes, leurs droits, leurs obligations et les incidences de leurs choix de placements;<\/li>\n\n\n\n<li>veiller \u00e0 l\u2019exactitude et \u00e0 la rapidit\u00e9 des services d\u2019administration des r\u00e9gimes \u00e0 l\u2019intention des participants et des employeurs;<\/li>\n\n\n\n<li>\u00e9valuer le rendement des fournisseurs de services des r\u00e9gimes; et<\/li>\n\n\n\n<li>examiner r\u00e9guli\u00e8rement la structure des r\u00e9gimes d\u2019avantages sociaux et la modifier au besoin.<\/li>\n<\/ul>\n\n\n\n<ul class=\"wp-block-list\"><\/ul>\n\n\n\n<div style=\"height:30px\" aria-hidden=\"true\" class=\"wp-block-spacer\"><\/div>\n<\/div><\/div>\n\n\n\n<div class=\"wp-block-group\"><div class=\"wp-block-group__inner-container is-layout-constrained wp-block-group-is-layout-constrained\">   <div id=\"anchor-link-block_a96d460bb88fd1c96e079392fa0b4470\" class=\"anchor-link\">\r\n      <a name=\"partners\" class=\"anchor\"><\/a>\r\n   <\/div>\r\n\n\n\n<h2 class=\"wp-block-heading\">Collaborateurs et fournisseurs de services<\/h2>\n\n\n\n<p>Pour s\u2019acquitter de ses responsabilit\u00e9s, le Comit\u00e9 de retraite et d\u2019assurance peut d\u00e9l\u00e9guer certaines activit\u00e9s aux dirigeants et aux employ\u00e9s des MBC ou \u00e0 des fournisseurs de services externes. <\/p>\n\n\n\n<p>Le Comit\u00e9 veillera \u00e0 ce que ces parties soient ad\u00e9quatement supervis\u00e9es et qu\u2019elles poss\u00e8dent les comp\u00e9tences et la formation n\u00e9cessaires, selon le Comit\u00e9. <\/p>\n\n\n\n<p>Bien que ce dernier d\u00e9l\u00e8gue certaines t\u00e2ches, il en conserve la responsabilit\u00e9 ultime.<\/p>\n\n\n\n<p><\/p>\n\n\n\n<figure class=\"wp-block-table aligncenter is-style-stripes\"><table><tbody><tr><td class=\"has-text-align-center\" data-align=\"center\"><img loading=\"lazy\" decoding=\"async\" width=\"150\" height=\"32\" class=\"wp-image-4365\" style=\"width: 150px;\" src=\"\/wp-content\/uploads\/2024\/09\/CB-Benefits_Retirement-and-savings_CMYK_FR.png\" alt=\"\" srcset=\"\/wp-content\/uploads\/2024\/09\/CB-Benefits_Retirement-and-savings_CMYK_FR.png 7928w, \/wp-content\/uploads\/2024\/09\/CB-Benefits_Retirement-and-savings_CMYK_FR-1024x218.png 1024w, \/wp-content\/uploads\/2024\/09\/CB-Benefits_Retirement-and-savings_CMYK_FR-1920x409.png 1920w, \/wp-content\/uploads\/2024\/09\/CB-Benefits_Retirement-and-savings_CMYK_FR-768x164.png 768w, \/wp-content\/uploads\/2024\/09\/CB-Benefits_Retirement-and-savings_CMYK_FR-1536x327.png 1536w, \/wp-content\/uploads\/2024\/09\/CB-Benefits_Retirement-and-savings_CMYK_FR-2048x437.png 2048w\" sizes=\"auto, (max-width: 150px) 100vw, 150px\" \/><\/td><td><\/td><td class=\"has-text-align-center\" data-align=\"center\"><img loading=\"lazy\" decoding=\"async\" width=\"150\" height=\"32\" class=\"wp-image-4363\" style=\"width: 150px;\" src=\"\/wp-content\/uploads\/2024\/09\/CB-Benefits_Health-Wellbeing_CMYK_FR.png\" alt=\"\" srcset=\"\/wp-content\/uploads\/2024\/09\/CB-Benefits_Health-Wellbeing_CMYK_FR.png 7962w, \/wp-content\/uploads\/2024\/09\/CB-Benefits_Health-Wellbeing_CMYK_FR-1024x220.png 1024w, \/wp-content\/uploads\/2024\/09\/CB-Benefits_Health-Wellbeing_CMYK_FR-1920x413.png 1920w, \/wp-content\/uploads\/2024\/09\/CB-Benefits_Health-Wellbeing_CMYK_FR-768x165.png 768w, \/wp-content\/uploads\/2024\/09\/CB-Benefits_Health-Wellbeing_CMYK_FR-1536x330.png 1536w, \/wp-content\/uploads\/2024\/09\/CB-Benefits_Health-Wellbeing_CMYK_FR-2048x440.png 2048w\" sizes=\"auto, (max-width: 150px) 100vw, 150px\" \/><\/td><\/tr><tr><td class=\"has-text-align-center\" data-align=\"center\">Eckler lt\u00e9e \u2013 <br>Conseils en retraite<\/td><td><br><img loading=\"lazy\" decoding=\"async\" width=\"150\" height=\"29\" class=\"wp-image-3993\" style=\"width: 150px;\" src=\"\/wp-content\/uploads\/2024\/09\/sitelogo__Eckler-Logo-CMYK_resized.png\" alt=\"\"><\/td><td class=\"has-text-align-center\" data-align=\"center\">Eckler lt\u00e9e \u2013 Conseils <br>en avantages sociaux collectifs<\/td><\/tr><tr><td class=\"has-text-align-center\" data-align=\"center\"><br>Canada Vie \u2013 <br>Tenue de dossier<\/td><td><br><img loading=\"lazy\" decoding=\"async\" width=\"150\" height=\"52\" class=\"wp-image-4367\" style=\"width: 150px;\" src=\"\/wp-content\/uploads\/2024\/09\/canada-life-f-mc.png\" alt=\"\"><\/td><td class=\"has-text-align-center\" data-align=\"center\"><br>Canada Vie \u2013 Administration des <br>avantages sociaux<\/td><\/tr><tr><td class=\"has-text-align-center\" data-align=\"center\">Fidelity Investments \u2013 <br>Gestion des placements<\/td><td><br><img loading=\"lazy\" decoding=\"async\" width=\"150\" height=\"34\" class=\"wp-image-3989\" style=\"width: 150px;\" src=\"\/wp-content\/uploads\/2024\/09\/fidelity-logo.png\" alt=\"\" srcset=\"\/wp-content\/uploads\/2024\/09\/fidelity-logo.png 2400w, \/wp-content\/uploads\/2024\/09\/fidelity-logo-1024x230.png 1024w, \/wp-content\/uploads\/2024\/09\/fidelity-logo-1920x432.png 1920w, \/wp-content\/uploads\/2024\/09\/fidelity-logo-768x173.png 768w, \/wp-content\/uploads\/2024\/09\/fidelity-logo-1536x346.png 1536w, \/wp-content\/uploads\/2024\/09\/fidelity-logo-2048x461.png 2048w\" sizes=\"auto, (max-width: 150px) 100vw, 150px\" \/><\/td><td class=\"has-text-align-center\" data-align=\"center\"><\/td><\/tr><\/tbody><\/table><\/figure>\n\n\n\n<div style=\"height:30px\" aria-hidden=\"true\" class=\"wp-block-spacer\"><\/div>\n<\/div><\/div>\n\n\n\n<p><\/p>\n\n\n  <div id=\"related-resources-block_7c791707f99ce9c2b30463efd4ab803e\" class=\"related-resources\">\r\n    <div class=\"related-resources__container grey\">\r\n      <div class=\"related-resources__heading nohovertrans\">\r\n        <span class=\"related-resources__heading__icon\">\r\n          <img decoding=\"async\" src=\"\/wp-content\/uploads\/2024\/09\/cbbenefits-icon-team-white-02-300x300.png\" alt=\"\">\r\n        <\/span>\r\n        <div class=\"related-resources__heading__text\">\r\n          Related Resources\r\n          <span class=\"related-resources__heading__expander\">\r\n            <span class=\"related-resources__heading__expand\" data-expand=\"expand\" aria-hidden=\"true\">+<\/span>\r\n            <span class=\"related-resources__heading__expand\" data-expand=\"collapse\" aria-hidden=\"true\">\u2013<\/span>\r\n          <\/span>\r\n        <\/div>\r\n      <\/div>\r\n      <div class=\"related-resources__groups\">\r\n                  <div class=\"related-resources__group\">\r\n            <div class=\"related-resources__group__heading\">\r\n              Quick Links            <\/div>\r\n\r\n            <ul class=\"related-resources__links\">\r\n                              <li class=\"related-resources__link\">\r\n                                      <a class=\"nohovertrans \" href=\"https:\/\/cbbenefits.ca\/fr\/gouvernance\/apercu#pi-committee\"  >Le Comit\u00e9 de retraite et d\u2019assurance du r\u00e9gime BC Avantages<\/a>\r\n                                  <\/li>\r\n\r\n                              <li class=\"related-resources__link\">\r\n                                      <a class=\"nohovertrans \" href=\"https:\/\/cbbenefits.ca\/fr\/gouvernance\/apercu#responsibilities\"  >Responsabilit\u00e9s du Comit\u00e9 de retraite et d\u2019assurance<\/a>\r\n                                  <\/li>\r\n\r\n                              <li class=\"related-resources__link\">\r\n                                      <a class=\"nohovertrans \" href=\"https:\/\/cbbenefits.ca\/fr\/gouvernance\/apercu#partners\"  >Collaborateurs et fournisseurs de services<\/a>\r\n                                  <\/li>\r\n\r\n                              <li class=\"related-resources__link\">\r\n                                      <a class=\"nohovertrans \" href=\"https:\/\/cbbenefits.ca\/fr\/gouvernance\/membres\/\"  >Membres de le Comit\u00e9<\/a>\r\n                                  <\/li>\r\n\r\n                          <\/ul>\r\n          <\/div>\r\n              <\/div>\r\n    <\/div>\r\n  <\/div>\r\n","protected":false},"excerpt":{"rendered":"<p>\u00c0 propos de la gouvernance Le R\u00e9gime de retraite Baptiste canadien (RRBC), qui a \u00e9t\u00e9 cr\u00e9\u00e9 vers la fin des ann\u00e9es 1950 par la F\u00e9d\u00e9ration des \u00e9glises baptistes du Canada, \u00e9tait \u00e0 l\u2019origine un r\u00e9gime de retraite \u00e0 prestations d\u00e9termin\u00e9es. Pour superviser les activit\u00e9s de gouvernance et de maintien du RRBC et du r\u00e9gime d\u2019avantages [&hellip;]<\/p>\n","protected":false},"author":5,"featured_media":0,"parent":4351,"menu_order":1,"comment_status":"closed","ping_status":"closed","template":"page-template\/page-with-related-resources.php","meta":{"_acf_changed":false,"footnotes":""},"class_list":["post-4527","page","type-page","status-publish","hentry"],"acf":[],"_links":{"self":[{"href":"https:\/\/bcavantages.ca\/fr\/wp-json\/wp\/v2\/pages\/4527","targetHints":{"allow":["GET"]}}],"collection":[{"href":"https:\/\/bcavantages.ca\/fr\/wp-json\/wp\/v2\/pages"}],"about":[{"href":"https:\/\/bcavantages.ca\/fr\/wp-json\/wp\/v2\/types\/page"}],"author":[{"embeddable":true,"href":"https:\/\/bcavantages.ca\/fr\/wp-json\/wp\/v2\/users\/5"}],"replies":[{"embeddable":true,"href":"https:\/\/bcavantages.ca\/fr\/wp-json\/wp\/v2\/comments?post=4527"}],"version-history":[{"count":33,"href":"https:\/\/bcavantages.ca\/fr\/wp-json\/wp\/v2\/pages\/4527\/revisions"}],"predecessor-version":[{"id":4574,"href":"https:\/\/bcavantages.ca\/fr\/wp-json\/wp\/v2\/pages\/4527\/revisions\/4574"}],"up":[{"embeddable":true,"href":"https:\/\/bcavantages.ca\/fr\/wp-json\/wp\/v2\/pages\/4351"}],"wp:attachment":[{"href":"https:\/\/bcavantages.ca\/fr\/wp-json\/wp\/v2\/media?parent=4527"}],"curies":[{"name":"wp","href":"https:\/\/api.w.org\/{rel}","templated":true}]}}