{"id":4410,"date":"2024-09-28T00:46:02","date_gmt":"2024-09-28T04:46:02","guid":{"rendered":"https:\/\/cbbenefits.ca\/?page_id=4410"},"modified":"2026-01-09T11:49:03","modified_gmt":"2026-01-09T16:49:03","slug":"membres","status":"publish","type":"page","link":"https:\/\/bcavantages.ca\/fr\/gouvernance\/membres\/","title":{"rendered":"Membres"},"content":{"rendered":"  <div id=\"page-hero-block_a80c6b1928e4755d78ab1276af0e6ea7\" class=\"page-hero\">\r\n    <div class=\"page-hero__container grey\" >\r\n      <div class=\"page-hero__image\">\r\n        <div class=\"page-hero__image__circle\">\r\n          <div class=\"page-hero__image__circle__bottom moreleft\" style=\"background-image:url('\/wp-content\/uploads\/2024\/09\/cbbenefits-banner-image-team-meeting-02-1920x1012.jpg')\"><\/div>\r\n        <\/div>\r\n      <\/div>\r\n      <div class=\"page-hero__wrapper\">\r\n        <div class=\"page-hero__breadcrumb\">\r\n          <h1>\r\n                          <a href=\"\/fr\/gouvernance\/\"><span class=\"page-hero__breadcrumb__parent\">Gouvernance<\/span><\/a> <span class=\"page-hero__breadcrumb__separator\">|<\/span>\r\n                        <span class=\"page-hero__breadcrumb__current\">\r\n                              Membres                          <\/span>\r\n          <\/h1>\r\n        <\/div>\r\n      <\/div>\r\n    <\/div>\r\n  <\/div>\r\n\n\n\n<p><\/p>\n\n\n\n<p><\/p>\n\n\n\n<section class=\"wp-block-group is-vertical is-content-justification-stretch is-layout-flex wp-container-core-group-is-layout-0a8f9e4e wp-block-group-is-layout-flex\">   <div id=\"anchor-link-block_63146d86ebd9cd1dfae0f4e7fe4937f6\" class=\"anchor-link\">\r\n      <a name=\"members\" class=\"anchor\"><\/a>\r\n   <\/div>\r\n\n\n\n<h2 class=\"wp-block-heading\">Membres de le Comit\u00e9 <strong>de retraite et d\u2019assurance du r\u00e9gime BC Avantages<\/strong><\/h2>\n\n\n\n<div class=\"wp-block-columns member-group is-layout-flex wp-container-core-columns-is-layout-9d6595d7 wp-block-columns-is-layout-flex\">\n<div class=\"wp-block-column member is-layout-flow wp-block-column-is-layout-flow\">\n<figure class=\"wp-block-image size-large is-style-rounded\"><a href=\"https:\/\/cbbenefits.ca\/fr\/gouvernance\/Terry-Atkinson\/\"><img decoding=\"async\" src=\"\/wp-content\/uploads\/2026\/01\/cb-benefits-committee-member-terry-atkinson-1x1-1.jpg\" alt=\"\" style=\"aspect-ratio:1;object-fit:cover\"\/><\/a><\/figure>\n\n\n\n<h4 class=\"wp-block-heading has-text-align-center\">R\u00e9v. Dr. Terry Atkinson<\/h4>\n\n\n\n<h5 class=\"wp-block-heading has-text-align-center\">Membre de le Comit\u00e9<\/h5>\n<\/div>\n\n\n\n<div class=\"wp-block-column member is-layout-flow wp-block-column-is-layout-flow\">\n<figure class=\"wp-block-image size-full is-style-rounded\"><a href=\"https:\/\/cbbenefits.ca\/fr\/gouvernance\/adam-cree\/\"><img loading=\"lazy\" decoding=\"async\" width=\"1000\" height=\"1000\" src=\"\/wp-content\/uploads\/2024\/06\/cb-benefits-committee-member-adam-cree-1x1-1.jpg\" alt=\"\" class=\"wp-image-3712\" style=\"aspect-ratio:1;object-fit:cover\" title=\"\" srcset=\"\/wp-content\/uploads\/2024\/06\/cb-benefits-committee-member-adam-cree-1x1-1.jpg 1000w, \/wp-content\/uploads\/2024\/06\/cb-benefits-committee-member-adam-cree-1x1-1-300x300.jpg 300w, \/wp-content\/uploads\/2024\/06\/cb-benefits-committee-member-adam-cree-1x1-1-768x768.jpg 768w\" sizes=\"auto, (max-width: 1000px) 100vw, 1000px\" \/><\/a><\/figure>\n\n\n\n<h4 class=\"wp-block-heading has-text-align-center\">Adam Cree<\/h4>\n\n\n\n<h5 class=\"wp-block-heading has-text-align-center\">Directeur des finances et de l\u2019administration (BCOQ)&nbsp;<\/h5>\n<\/div>\n\n\n\n<div class=\"wp-block-column member is-layout-flow wp-block-column-is-layout-flow\">\n<figure class=\"wp-block-image size-full is-style-rounded\"><a href=\"https:\/\/cbbenefits.ca\/fr\/gouvernance\/guy-pierre-canel\/\"><img loading=\"lazy\" decoding=\"async\" width=\"1000\" height=\"1000\" src=\"\/wp-content\/uploads\/2024\/06\/cb-benefits-committee-member-guy-pierre-canal-1x1-1.jpg\" alt=\"\" class=\"wp-image-3714\" style=\"aspect-ratio:1;object-fit:cover\" srcset=\"\/wp-content\/uploads\/2024\/06\/cb-benefits-committee-member-guy-pierre-canal-1x1-1.jpg 1000w, \/wp-content\/uploads\/2024\/06\/cb-benefits-committee-member-guy-pierre-canal-1x1-1-300x300.jpg 300w, \/wp-content\/uploads\/2024\/06\/cb-benefits-committee-member-guy-pierre-canal-1x1-1-768x768.jpg 768w\" sizes=\"auto, (max-width: 1000px) 100vw, 1000px\" \/><\/a><\/figure>\n\n\n\n<h4 class=\"wp-block-heading has-text-align-center\">Guy Pierre Canel<\/h4>\n\n\n\n<h5 class=\"wp-block-heading has-text-align-center\">Membre de le Comit\u00e9<\/h5>\n<\/div>\n\n\n\n<div class=\"wp-block-column member is-layout-flow wp-block-column-is-layout-flow\">\n<figure class=\"wp-block-image size-full is-style-rounded\"><a href=\"https:\/\/cbbenefits.ca\/fr\/gouvernance\/robin-clark\/\"><img loading=\"lazy\" decoding=\"async\" width=\"1000\" height=\"1000\" src=\"\/wp-content\/uploads\/2024\/06\/cb-benefits-committee-member-robin-clark-1x1-1.jpg\" alt=\"\" class=\"wp-image-3736\" style=\"aspect-ratio:1;object-fit:cover\" srcset=\"\/wp-content\/uploads\/2024\/06\/cb-benefits-committee-member-robin-clark-1x1-1.jpg 1000w, \/wp-content\/uploads\/2024\/06\/cb-benefits-committee-member-robin-clark-1x1-1-300x300.jpg 300w, \/wp-content\/uploads\/2024\/06\/cb-benefits-committee-member-robin-clark-1x1-1-768x768.jpg 768w\" sizes=\"auto, (max-width: 1000px) 100vw, 1000px\" \/><\/a><\/figure>\n\n\n\n<h4 class=\"wp-block-heading has-text-align-center\">Robin Clark<\/h4>\n\n\n\n<h5 class=\"wp-block-heading has-text-align-center\">Directrice de l\u2019exploitation et des ressources humaines&nbsp;(MBC)<\/h5>\n<\/div>\n<\/div>\n\n\n\n<div class=\"wp-block-columns member-group is-layout-flex wp-container-core-columns-is-layout-9d6595d7 wp-block-columns-is-layout-flex\">\n<div class=\"wp-block-column member is-layout-flow wp-block-column-is-layout-flow\">\n<figure class=\"wp-block-image size-full is-style-rounded\"><a href=\"https:\/\/cbbenefits.ca\/fr\/gouvernance\/richard-currie\/\"><img loading=\"lazy\" decoding=\"async\" width=\"1000\" height=\"1000\" src=\"\/wp-content\/uploads\/2024\/06\/cb-benefits-committee-member-richard-currie-1x1-1.jpg\" alt=\"\" class=\"wp-image-3732\" style=\"aspect-ratio:1;object-fit:cover\" srcset=\"\/wp-content\/uploads\/2024\/06\/cb-benefits-committee-member-richard-currie-1x1-1.jpg 1000w, \/wp-content\/uploads\/2024\/06\/cb-benefits-committee-member-richard-currie-1x1-1-300x300.jpg 300w, \/wp-content\/uploads\/2024\/06\/cb-benefits-committee-member-richard-currie-1x1-1-768x768.jpg 768w\" sizes=\"auto, (max-width: 1000px) 100vw, 1000px\" \/><\/a><\/figure>\n\n\n\n<h4 class=\"wp-block-heading has-text-align-center\">Richard Currie<\/h4>\n\n\n\n<h5 class=\"wp-block-heading has-text-align-center\">Membre de le Comit\u00e9<\/h5>\n<\/div>\n\n\n\n<div class=\"wp-block-column member is-layout-flow wp-block-column-is-layout-flow\">\n<figure class=\"wp-block-image size-large is-style-rounded\"><a href=\"https:\/\/cbbenefits.ca\/fr\/gouvernance\/Julie-Deshaies\/\"><img decoding=\"async\" src=\"\/wp-content\/uploads\/2026\/01\/cb-benefits-committee-member-julie-deshaies-1x1-1.jpg\" alt=\"\" style=\"aspect-ratio:1;object-fit:cover\"\/><\/a><\/figure>\n\n\n\n<h4 class=\"wp-block-heading has-text-align-center\">Julie Deshaies<\/h4>\n\n\n\n<h5 class=\"wp-block-heading has-text-align-center\">Directrice des finances et de l\u2019administration (U\u00c9BFC)<\/h5>\n<\/div>\n\n\n\n<div class=\"wp-block-column member is-layout-flow wp-block-column-is-layout-flow\">\n<figure class=\"wp-block-image size-full is-style-rounded\"><a href=\"https:\/\/cbbenefits.ca\/fr\/gouvernance\/karen-gunn\/\"><img loading=\"lazy\" decoding=\"async\" width=\"1000\" height=\"1000\" src=\"\/wp-content\/uploads\/2024\/06\/cb-benefits-committee-member-karen-gunn-1x1-1.jpg\" alt=\"\" class=\"wp-image-3720\" style=\"aspect-ratio:1;object-fit:cover\" srcset=\"\/wp-content\/uploads\/2024\/06\/cb-benefits-committee-member-karen-gunn-1x1-1.jpg 1000w, \/wp-content\/uploads\/2024\/06\/cb-benefits-committee-member-karen-gunn-1x1-1-300x300.jpg 300w, \/wp-content\/uploads\/2024\/06\/cb-benefits-committee-member-karen-gunn-1x1-1-768x768.jpg 768w\" sizes=\"auto, (max-width: 1000px) 100vw, 1000px\" \/><\/a><\/figure>\n\n\n\n<h4 class=\"wp-block-heading has-text-align-center\">Karen Gunn<\/h4>\n\n\n\n<h5 class=\"wp-block-heading has-text-align-center\">Gestionnaire des rentes et des avantages sociaux (CBAC)<\/h5>\n<\/div>\n\n\n\n<div class=\"wp-block-column member is-layout-flow wp-block-column-is-layout-flow\">\n<figure class=\"wp-block-image size-full is-style-rounded\"><a href=\"https:\/\/cbbenefits.ca\/fr\/gouvernance\/louanne-haugan\/\"><img loading=\"lazy\" decoding=\"async\" width=\"1000\" height=\"1000\" src=\"\/wp-content\/uploads\/2024\/06\/cb-benefits-committee-member-louanne-haughn-1x1-1.jpg\" alt=\"\" class=\"wp-image-3724\" style=\"aspect-ratio:1;object-fit:cover\" srcset=\"\/wp-content\/uploads\/2024\/06\/cb-benefits-committee-member-louanne-haughn-1x1-1.jpg 1000w, \/wp-content\/uploads\/2024\/06\/cb-benefits-committee-member-louanne-haughn-1x1-1-300x300.jpg 300w, \/wp-content\/uploads\/2024\/06\/cb-benefits-committee-member-louanne-haughn-1x1-1-768x768.jpg 768w\" sizes=\"auto, (max-width: 1000px) 100vw, 1000px\" \/><\/a><\/figure>\n\n\n\n<h4 class=\"wp-block-heading has-text-align-center\">Louanne Haugan<\/h4>\n\n\n\n<h5 class=\"wp-block-heading has-text-align-center\">Directrice des communications et du d\u00e9veloppement (BCOC)<\/h5>\n<\/div>\n<\/div>\n\n\n\n<div class=\"wp-block-columns member-group is-layout-flex wp-container-core-columns-is-layout-9d6595d7 wp-block-columns-is-layout-flex\">\n<div class=\"wp-block-column member is-layout-flow wp-block-column-is-layout-flow\">\n<figure class=\"wp-block-image size-full is-style-rounded\"><a href=\"https:\/\/cbbenefits.ca\/fr\/gouvernance\/rob-jackett\/\"><img loading=\"lazy\" decoding=\"async\" width=\"1000\" height=\"1000\" src=\"\/wp-content\/uploads\/2024\/06\/cb-benefits-committee-member-robert-jackett-1x1-1.jpg\" alt=\"\" class=\"wp-image-3734\" style=\"aspect-ratio:1;object-fit:cover\" srcset=\"\/wp-content\/uploads\/2024\/06\/cb-benefits-committee-member-robert-jackett-1x1-1.jpg 1000w, \/wp-content\/uploads\/2024\/06\/cb-benefits-committee-member-robert-jackett-1x1-1-300x300.jpg 300w, \/wp-content\/uploads\/2024\/06\/cb-benefits-committee-member-robert-jackett-1x1-1-768x768.jpg 768w\" sizes=\"auto, (max-width: 1000px) 100vw, 1000px\" \/><\/a><\/figure>\n\n\n\n<h4 class=\"wp-block-heading has-text-align-center\">Rob Jackett<\/h4>\n\n\n\n<h5 class=\"wp-block-heading has-text-align-center\">Directeur principal des finances et de l\u2019administration (MBC)<\/h5>\n<\/div>\n\n\n\n<div class=\"wp-block-column member is-layout-flow wp-block-column-is-layout-flow\">\n<figure class=\"wp-block-image size-full is-style-rounded\"><a href=\"https:\/\/cbbenefits.ca\/fr\/gouvernance\/victor-ku\/\"><img loading=\"lazy\" decoding=\"async\" width=\"1000\" height=\"1000\" src=\"\/wp-content\/uploads\/2024\/06\/cb-benefits-committee-member-victor-ku-1x1-1.jpg\" alt=\"\" class=\"wp-image-3738\" style=\"aspect-ratio:1;object-fit:cover\" srcset=\"\/wp-content\/uploads\/2024\/06\/cb-benefits-committee-member-victor-ku-1x1-1.jpg 1000w, \/wp-content\/uploads\/2024\/06\/cb-benefits-committee-member-victor-ku-1x1-1-300x300.jpg 300w, \/wp-content\/uploads\/2024\/06\/cb-benefits-committee-member-victor-ku-1x1-1-768x768.jpg 768w\" sizes=\"auto, (max-width: 1000px) 100vw, 1000px\" \/><\/a><\/figure>\n\n\n\n<h4 class=\"wp-block-heading has-text-align-center\">Victor Ku<\/h4>\n\n\n\n<h5 class=\"wp-block-heading has-text-align-center\">Directeur des finances et de l\u2019administration (BCOC)<\/h5>\n<\/div>\n\n\n\n<div class=\"wp-block-column member is-layout-flow wp-block-column-is-layout-flow\">\n<figure class=\"wp-block-image size-large is-style-rounded\"><a href=\"https:\/\/cbbenefits.ca\/fr\/gouvernance\/koon-wah-leung\/\"><img decoding=\"async\" src=\"\/wp-content\/uploads\/2026\/01\/cb-benefits-committee-member-koon-wah-leung-1x1-1.jpg\" alt=\"\" style=\"aspect-ratio:1;object-fit:cover\"\/><\/a><\/figure>\n\n\n\n<h4 class=\"wp-block-heading has-text-align-center\">Koon Wah Leung<\/h4>\n\n\n\n<h5 class=\"wp-block-heading has-text-align-center\">Directrice principale des op\u00e9rations (BCOQ)<\/h5>\n<\/div>\n\n\n\n<div class=\"wp-block-column member is-layout-flow wp-block-column-is-layout-flow\">\n<figure class=\"wp-block-image size-large is-style-rounded\"><a href=\"https:\/\/cbbenefits.ca\/fr\/gouvernance\/Rev-Andrew-Lortie\/\"><img decoding=\"async\" src=\"\/wp-content\/uploads\/2026\/01\/cb-benefits-committee-member-andrew-lortie-1x1-1.jpg\" alt=\"\" style=\"aspect-ratio:1;object-fit:cover\"\/><\/a><\/figure>\n\n\n\n<h4 class=\"wp-block-heading has-text-align-center\">R\u00e9v. Andrew Lortie<\/h4>\n\n\n\n<h5 class=\"wp-block-heading has-text-align-center\">Membre de le Comit\u00e9<\/h5>\n<\/div>\n<\/div>\n\n\n\n<div class=\"wp-block-columns member-group is-layout-flex wp-container-core-columns-is-layout-9d6595d7 wp-block-columns-is-layout-flex\">\n<div class=\"wp-block-column member is-layout-flow wp-block-column-is-layout-flow\">\n<figure class=\"wp-block-image size-full is-style-rounded\"><a href=\"https:\/\/cbbenefits.ca\/fr\/gouvernance\/jeff-macarthur\/\"><img loading=\"lazy\" decoding=\"async\" width=\"1000\" height=\"1000\" src=\"\/wp-content\/uploads\/2024\/06\/cb-benefits-committee-member-jeff-macarthur-1x1-1.jpg\" alt=\"\" class=\"wp-image-3716\" style=\"aspect-ratio:1;object-fit:cover\" srcset=\"\/wp-content\/uploads\/2024\/06\/cb-benefits-committee-member-jeff-macarthur-1x1-1.jpg 1000w, \/wp-content\/uploads\/2024\/06\/cb-benefits-committee-member-jeff-macarthur-1x1-1-300x300.jpg 300w, \/wp-content\/uploads\/2024\/06\/cb-benefits-committee-member-jeff-macarthur-1x1-1-768x768.jpg 768w\" sizes=\"auto, (max-width: 1000px) 100vw, 1000px\" \/><\/a><\/figure>\n\n\n\n<h4 class=\"wp-block-heading has-text-align-center\">Jeff MacArthur<\/h4>\n\n\n\n<h5 class=\"wp-block-heading has-text-align-center\">Membre de le Comit\u00e9<\/h5>\n<\/div>\n\n\n\n<div class=\"wp-block-column member is-layout-flow wp-block-column-is-layout-flow\">\n<figure class=\"wp-block-image size-full is-style-rounded\"><a href=\"https:\/\/cbbenefits.ca\/fr\/gouvernance\/loyda-sinanan\/\"><img loading=\"lazy\" decoding=\"async\" width=\"1000\" height=\"1000\" src=\"\/wp-content\/uploads\/2024\/06\/cb-benefits-committee-member-loyda-sinanan-1x1-1.jpg\" alt=\"\" class=\"wp-image-3726\" style=\"aspect-ratio:1;object-fit:cover\" srcset=\"\/wp-content\/uploads\/2024\/06\/cb-benefits-committee-member-loyda-sinanan-1x1-1.jpg 1000w, \/wp-content\/uploads\/2024\/06\/cb-benefits-committee-member-loyda-sinanan-1x1-1-300x300.jpg 300w, \/wp-content\/uploads\/2024\/06\/cb-benefits-committee-member-loyda-sinanan-1x1-1-768x768.jpg 768w\" sizes=\"auto, (max-width: 1000px) 100vw, 1000px\" \/><\/a><\/figure>\n\n\n\n<h4 class=\"wp-block-heading has-text-align-center\">Loyda Sinanan<\/h4>\n\n\n\n<h5 class=\"wp-block-heading has-text-align-center\">Gestionnaire des rentes et des avantages sociaux (MBC)<br><\/h5>\n<\/div>\n\n\n\n<div class=\"wp-block-column member is-layout-flow wp-block-column-is-layout-flow\">\n<figure class=\"wp-block-image size-full is-style-rounded\"><a href=\"https:\/\/cbbenefits.ca\/fr\/gouvernance\/lisa-velakis\/\"><img loading=\"lazy\" decoding=\"async\" width=\"1000\" height=\"1000\" src=\"\/wp-content\/uploads\/2024\/06\/cb-benefits-committee-member-lisa-velakis-1x1-1.jpg\" alt=\"\" class=\"wp-image-3722\" style=\"aspect-ratio:1;object-fit:cover\" srcset=\"\/wp-content\/uploads\/2024\/06\/cb-benefits-committee-member-lisa-velakis-1x1-1.jpg 1000w, \/wp-content\/uploads\/2024\/06\/cb-benefits-committee-member-lisa-velakis-1x1-1-300x300.jpg 300w, \/wp-content\/uploads\/2024\/06\/cb-benefits-committee-member-lisa-velakis-1x1-1-768x768.jpg 768w\" sizes=\"auto, (max-width: 1000px) 100vw, 1000px\" \/><\/a><\/figure>\n\n\n\n<h4 class=\"wp-block-heading has-text-align-center\">Lisa Velakis<\/h4>\n\n\n\n<h5 class=\"wp-block-heading has-text-align-center\">D\u2019adjointe \u00e0 la direction (MBC)<\/h5>\n<\/div>\n\n\n\n<div class=\"wp-block-column member is-layout-flow wp-block-column-is-layout-flow\">\n<figure class=\"wp-block-image size-full is-style-rounded\"><a href=\"https:\/\/cbbenefits.ca\/fr\/gouvernance\/winston-woo\/\"><img loading=\"lazy\" decoding=\"async\" width=\"1000\" height=\"1000\" src=\"\/wp-content\/uploads\/2024\/06\/cb-benefits-committee-member-winston-wu-1x1-1.jpg\" alt=\"\" class=\"wp-image-3740\" style=\"aspect-ratio:1;object-fit:cover\" srcset=\"\/wp-content\/uploads\/2024\/06\/cb-benefits-committee-member-winston-wu-1x1-1.jpg 1000w, \/wp-content\/uploads\/2024\/06\/cb-benefits-committee-member-winston-wu-1x1-1-300x300.jpg 300w, \/wp-content\/uploads\/2024\/06\/cb-benefits-committee-member-winston-wu-1x1-1-768x768.jpg 768w\" sizes=\"auto, (max-width: 1000px) 100vw, 1000px\" \/><\/a><\/figure>\n\n\n\n<h4 class=\"wp-block-heading has-text-align-center\">Winston Woo<\/h4>\n\n\n\n<h5 class=\"wp-block-heading has-text-align-center\">Pr\u00e9sident de le Comit\u00e9<\/h5>\n<\/div>\n<\/div>\n<\/section>\n\n\n\n<p><\/p>\n\n\n  <div id=\"related-resources-block_f549cd710c7924402e66ed97c37c2b70\" class=\"related-resources\">\r\n    <div class=\"related-resources__container grey\">\r\n      <div class=\"related-resources__heading nohovertrans\">\r\n        <span class=\"related-resources__heading__icon\">\r\n          <img decoding=\"async\" src=\"\/wp-content\/uploads\/2024\/09\/cbbenefits-icon-team-white-02-300x300.png\" alt=\"\">\r\n        <\/span>\r\n        <div class=\"related-resources__heading__text\">\r\n          Related Resources\r\n          <span class=\"related-resources__heading__expander\">\r\n            <span class=\"related-resources__heading__expand\" data-expand=\"expand\" aria-hidden=\"true\">+<\/span>\r\n            <span class=\"related-resources__heading__expand\" data-expand=\"collapse\" aria-hidden=\"true\">\u2013<\/span>\r\n          <\/span>\r\n        <\/div>\r\n      <\/div>\r\n      <div class=\"related-resources__groups\">\r\n                  <div class=\"related-resources__group\">\r\n            <div class=\"related-resources__group__heading\">\r\n              Membres            <\/div>\r\n\r\n            <ul class=\"related-resources__links\">\r\n                              <li class=\"related-resources__link\">\r\n                                      <a class=\"nohovertrans \" href=\"https:\/\/cbbenefits.ca\/fr\/gouvernance\/Terry-Atkinson\"  >R\u00e9v. Dr. Terry Atkinson<\/a>\r\n                                  <\/li>\r\n\r\n                              <li class=\"related-resources__link\">\r\n                                      <a class=\"nohovertrans \" href=\"https:\/\/cbbenefits.ca\/fr\/gouvernance\/adam-cree\/\"  >Adam Cree<\/a>\r\n                                  <\/li>\r\n\r\n                              <li class=\"related-resources__link\">\r\n                                      <a class=\"nohovertrans \" href=\"https:\/\/cbbenefits.ca\/fr\/gouvernance\/guy-pierre-canel\/\"  >Guy Pierre-Canel<\/a>\r\n                                  <\/li>\r\n\r\n                              <li class=\"related-resources__link\">\r\n                                      <a class=\"nohovertrans \" href=\"https:\/\/cbbenefits.ca\/fr\/gouvernance\/robin-clark\/\"  >Robin Clark<\/a>\r\n                                  <\/li>\r\n\r\n                              <li class=\"related-resources__link\">\r\n                                      <a class=\"nohovertrans \" href=\"https:\/\/cbbenefits.ca\/fr\/gouvernance\/richard-currie\/\"  >Richard Currie<\/a>\r\n                                  <\/li>\r\n\r\n                              <li class=\"related-resources__link\">\r\n                                      <a class=\"nohovertrans \" href=\"https:\/\/cbbenefits.ca\/fr\/gouvernance\/Julie-Deshaies\"  >Julie Deshaies<\/a>\r\n                                  <\/li>\r\n\r\n                              <li class=\"related-resources__link\">\r\n                                      <a class=\"nohovertrans \" href=\"https:\/\/cbbenefits.ca\/fr\/gouvernance\/karen-gunn\/\"  >Karen Gunn<\/a>\r\n                                  <\/li>\r\n\r\n                              <li class=\"related-resources__link\">\r\n                                      <a class=\"nohovertrans \" href=\"https:\/\/cbbenefits.ca\/fr\/gouvernance\/louanne-haugan\/\"  >Louanne Haugan<\/a>\r\n                                  <\/li>\r\n\r\n                              <li class=\"related-resources__link\">\r\n                                      <a class=\"nohovertrans \" href=\"https:\/\/cbbenefits.ca\/fr\/gouvernance\/rob-jackett\/\"  >Rob Jackett<\/a>\r\n                                  <\/li>\r\n\r\n                              <li class=\"related-resources__link\">\r\n                                      <a class=\"nohovertrans \" href=\"https:\/\/cbbenefits.ca\/fr\/gouvernance\/victor-ku\/\"  >Victor Ku<\/a>\r\n                                  <\/li>\r\n\r\n                              <li class=\"related-resources__link\">\r\n                                      <a class=\"nohovertrans \" href=\"https:\/\/cbbenefits.ca\/fr\/gouvernance\/koon-wah-leung\"  target=\"_blank\"  >Koon Wah Leung<\/a>\r\n                                  <\/li>\r\n\r\n                              <li class=\"related-resources__link\">\r\n                                      <a class=\"nohovertrans \" href=\"https:\/\/cbbenefits.ca\/fr\/gouvernance\/Rev-Andrew-Lortie\"  >R\u00e9v. Andrew Lortie<\/a>\r\n                                  <\/li>\r\n\r\n                              <li class=\"related-resources__link\">\r\n                                      <a class=\"nohovertrans \" href=\"https:\/\/cbbenefits.ca\/fr\/gouvernance\/jeff-macarthur\/\"  >Jeff MacArthur<\/a>\r\n                                  <\/li>\r\n\r\n                              <li class=\"related-resources__link\">\r\n                                      <a class=\"nohovertrans \" href=\"https:\/\/cbbenefits.ca\/fr\/gouvernance\/loyda-sinanan\/\"  >Loyda Sinanan<\/a>\r\n                                  <\/li>\r\n\r\n                              <li class=\"related-resources__link\">\r\n                                      <a class=\"nohovertrans \" href=\"https:\/\/cbbenefits.ca\/fr\/gouvernance\/lisa-velakis\/\"  >Lisa Velakis<\/a>\r\n                                  <\/li>\r\n\r\n                              <li class=\"related-resources__link\">\r\n                                      <a class=\"nohovertrans \" href=\"https:\/\/cbbenefits.ca\/fr\/gouvernance\/winston-woo\/\"  >Winston Woo<\/a>\r\n                                  <\/li>\r\n\r\n                          <\/ul>\r\n          <\/div>\r\n              <\/div>\r\n    <\/div>\r\n  <\/div>\r\n","protected":false},"excerpt":{"rendered":"<p>Membres de le Comit\u00e9 de retraite et d\u2019assurance du r\u00e9gime BC Avantages R\u00e9v. Dr. Terry Atkinson Membre de le Comit\u00e9 Adam Cree Directeur des finances et de l\u2019administration (BCOQ)&nbsp; Guy Pierre Canel Membre de le Comit\u00e9 Robin Clark Directrice de l\u2019exploitation et des ressources humaines&nbsp;(MBC) Richard Currie Membre de le Comit\u00e9 Julie Deshaies Directrice des [&hellip;]<\/p>\n","protected":false},"author":2,"featured_media":0,"parent":4351,"menu_order":1,"comment_status":"closed","ping_status":"closed","template":"page-template\/page-with-related-resources.php","meta":{"_acf_changed":false,"footnotes":""},"class_list":["post-4410","page","type-page","status-publish","hentry"],"acf":[],"_links":{"self":[{"href":"https:\/\/bcavantages.ca\/fr\/wp-json\/wp\/v2\/pages\/4410","targetHints":{"allow":["GET"]}}],"collection":[{"href":"https:\/\/bcavantages.ca\/fr\/wp-json\/wp\/v2\/pages"}],"about":[{"href":"https:\/\/bcavantages.ca\/fr\/wp-json\/wp\/v2\/types\/page"}],"author":[{"embeddable":true,"href":"https:\/\/bcavantages.ca\/fr\/wp-json\/wp\/v2\/users\/2"}],"replies":[{"embeddable":true,"href":"https:\/\/bcavantages.ca\/fr\/wp-json\/wp\/v2\/comments?post=4410"}],"version-history":[{"count":19,"href":"https:\/\/bcavantages.ca\/fr\/wp-json\/wp\/v2\/pages\/4410\/revisions"}],"predecessor-version":[{"id":5338,"href":"https:\/\/bcavantages.ca\/fr\/wp-json\/wp\/v2\/pages\/4410\/revisions\/5338"}],"up":[{"embeddable":true,"href":"https:\/\/bcavantages.ca\/fr\/wp-json\/wp\/v2\/pages\/4351"}],"wp:attachment":[{"href":"https:\/\/bcavantages.ca\/fr\/wp-json\/wp\/v2\/media?parent=4410"}],"curies":[{"name":"wp","href":"https:\/\/api.w.org\/{rel}","templated":true}]}}