{"id":1669,"date":"2022-07-26T18:23:15","date_gmt":"2022-07-26T22:23:15","guid":{"rendered":"https:\/\/www.cbbenefits.ca\/\/?page_id=1669"},"modified":"2022-09-06T12:45:17","modified_gmt":"2022-09-06T16:45:17","slug":"fonctionnement-du-regime-de-retraite-cd","status":"publish","type":"page","link":"https:\/\/bcavantages.ca\/fr\/retraite-et-epargne\/apercu\/fonctionnement-du-regime-de-retraite-cd\/","title":{"rendered":"Fonctionnement du r\u00e9gime de retraite CD"},"content":{"rendered":"  <div id=\"page-hero-block_62e027e49caa4\" class=\"page-hero\">\r\n    <div class=\"page-hero__container blue\" >\r\n      <div class=\"page-hero__image\">\r\n        <div class=\"page-hero__image__circle\">\r\n          <div class=\"page-hero__image__circle__bottom left\" style=\"background-image:url('\/wp-content\/uploads\/2022\/08\/Retirement-How-the-DC-pension-plan-works-scaled-1-1920x1012.jpg')\"><\/div>\r\n        <\/div>\r\n      <\/div>\r\n      <div class=\"page-hero__wrapper\">\r\n        <div class=\"page-hero__breadcrumb\">\r\n          <h1>\r\n                          <a href=\"\/fr\/retraite-et-epargne\/\"><span class=\"page-hero__breadcrumb__parent\">Retraite et \u00e9pargne<\/span><\/a> <span class=\"page-hero__breadcrumb__separator\">|<\/span>\r\n                        <span class=\"page-hero__breadcrumb__current\">\r\n                              <a href=\"\/fr\/retraite-et-epargne\/apercu\/\">Aper\u00e7u<\/a>\r\n                          <\/span>\r\n          <\/h1>\r\n        <\/div>\r\n      <\/div>\r\n    <\/div>\r\n  <\/div>\r\n\n\n   <div id=\"anchor-link-block_62e03e8ebbba7\" class=\"anchor-link\">\r\n      <a name=\"fonctionnement-du-regime-de-retraite-cd\" class=\"anchor\"><\/a>\r\n   <\/div>\r\n\n\n\n<h2 class=\"wp-block-heading\">Fonctionnement du r\u00e9gime de retraite CD<\/h2>\n\n\n\n<p>Le RRBC est un r\u00e9gime de retraite \u00e0 cotisations d\u00e9termin\u00e9es (CD). Cela signifie que les cotisations sont fixes et que les prestations de retraite varient en fonction du rendement de vos placements et du solde de votre compte \u00e0 la retraite.<\/p>\n\n\n\n<p>Vos cotisations et celles de votre employeur vous sont acquises sur-le-champ, c\u2019est-\u00e0-dire qu\u2019elles vous appartiennent d\u00e8s le d\u00e9part.<\/p>\n\n\n\n<p>\u00c9pargner \u00e0 l\u2019aide du RRBC, c\u2019est l\u2019un des meilleurs investissements que vous pouvez faire dans votre avenir. Voici pourquoi :<\/p>\n\n\n\n<h3 class=\"wp-block-heading\"><strong>Cotisations de base et cotisations de contrepartie de l\u2019employeur<\/strong><\/h3>\n\n\n\n<p>Vos cotisations de base au RRBC, qui repr\u00e9sentent 6 % de votre salaire, sont vers\u00e9es au moyen de d\u00e9ductions salariales commodes.<\/p>\n\n\n\n<p>Quand vous cotisez 6 % de votre salaire, votre employeur verse une cotisation de contrepartie \u00e9quivalente, ce qui <strong>double automatiquement votre placement<\/strong>.<\/p>\n\n\n\n<figure class=\"wp-block-gallery has-nested-images columns-default is-cropped wp-block-gallery-1 is-layout-flex wp-block-gallery-is-layout-flex\">\n<figure class=\"wp-block-image size-full\"><img loading=\"lazy\" decoding=\"async\" width=\"1438\" height=\"537\" data-id=\"2488\" src=\"\/wp-content\/uploads\/2022\/08\/RS_Overview_Chart_FR.png\" alt=\"\" class=\"wp-image-2488\" srcset=\"\/wp-content\/uploads\/2022\/08\/RS_Overview_Chart_FR.png 1438w, \/wp-content\/uploads\/2022\/08\/RS_Overview_Chart_FR-1024x382.png 1024w, \/wp-content\/uploads\/2022\/08\/RS_Overview_Chart_FR-768x287.png 768w\" sizes=\"auto, (max-width: 1438px) 100vw, 1438px\" \/><\/figure>\n<\/figure>\n\n\n\n<p><strong>Cotisations additionnelles facultatives<\/strong> \u2013<strong> <\/strong>Vous pouvez aussi verser des cotisations additionnelles facultatives du montant de votre choix, toujours au moyen de d\u00e9ductions salariales. Il faut toutefois faire attention aux plafonds de cotisation.<\/p>\n\n\n\n<p><strong>Transferts d\u2019un autre r\u00e9gime <\/strong>\u2013<strong> <\/strong>Vous avez l\u2019option de transf\u00e9rer \u00e0 votre compte du RRBC un actif de retraite d\u00e9tenu dans un REER ou dans le r\u00e9gime de retraite d\u2019un employeur ant\u00e9rieur, pourvu que ce r\u00e9gime le permette.<\/p>\n\n\n\n<h3 class=\"wp-block-heading\"><strong>C\u2019est facile d\u2019investir avec les fonds \u00e0 date cible<\/strong><\/h3>\n\n\n\n<ul class=\"wp-block-list\"><li><strong>Vous n\u2019avez pas \u00e0 choisir vous-m\u00eame les fonds.<\/strong> \u00c0 l\u2019adh\u00e9sion, vous d\u00e9tiendrez automatiquement le fonds \u00e0 date cible qui se rapproche le plus de votre ann\u00e9e de retraite. Vous pouvez le modifier en tout temps, si vous le d\u00e9sirez.<\/li><li><strong>Con\u00e7u en fonction de l\u2019ann\u00e9e de votre retraite<\/strong>, le fonds modifie graduellement ses placements pour devenir plus prudent au fil des ans.<\/li><li><strong>Ces fonds offrent une approche non-interventionniste de votre part.&nbsp;<\/strong>Des sp\u00e9cialistes g\u00e8rent et rajustent r\u00e9guli\u00e8rement la combinaison des placements.<\/li><\/ul>\n\n\n\n<p>Au d\u00e9but de vos ann\u00e9es d\u2019\u00e9pargne, le fonds investit davantage dans les actions pour tenter d\u2019optimiser la croissance. Ensuite, \u00e0 mesure que vous vous rapprochez de la retraite, le fonds devient plus prudent, donnant alors priorit\u00e9 aux placements \u00e0 revenu fixe.<\/p>\n\n\n\n<p><strong>Frais tr\u00e8s bas <\/strong><strong><br><\/strong>En raison du pouvoir d\u2019achat du RRBC, les frais de gestion que vous payez s\u2019\u00e9l\u00e8vent \u00e0 environ 0,48 % seulement.&nbsp; Ce taux est de loin inf\u00e9rieur \u00e0 ceux de 2,00 % et 2,50 % qui sont g\u00e9n\u00e9ralement applicables aux investisseurs individuels. Cela signifie qu\u2019une plus grande partie de votre argent reste investie dans votre compte.<\/p>\n\n\n\n<p><strong>Avantage fiscal instantan\u00e9<\/strong><br>\u00c9tant donn\u00e9 que vos cotisations sont investies avant imp\u00f4t, votre revenu imposable s\u2019en trouve moins \u00e9lev\u00e9, ce qui repr\u00e9sente un avantage fiscal instantan\u00e9.<\/p>\n\n\n\n<p><strong>Abri fiscal<\/strong><br>Tout le revenu de placement des r\u00e9gimes enregistr\u00e9s (comme les r\u00e9gimes de retraite et les REER) s\u2019accumule \u00e0 l\u2019abri de l\u2019imp\u00f4t jusqu\u2019\u00e0 son retrait (id\u00e9alement \u00e0 la retraite, quand vous occupez une tranche d\u2019imposition inf\u00e9rieure).<\/p>\n\n\n\n<p><strong>Retraits du r\u00e9gime <\/strong>&nbsp;<br>Vos cotisations de base doivent rester investies dans le r\u00e9gime pendant votre p\u00e9riode d\u2019emploi. Toutefois, vous pouvez retirer les cotisations additionnelles facultatives si vous le d\u00e9sirez.<strong><\/strong><\/p>\n\n\n\n<p>Familiarisez-vous aussi avec les retraits \u00e0 la retraite : <a href=\"\/fr\/retraite-et-epargne\/a-la-retraite-ou-sur-le-point-de-quitter-la-vie-active\/#vous-songez-a-la-retraite\">Vous songez \u00e0 la retraite?<\/a><\/p>\n\n\n\n<p>Pour obtenir des renseignements plus d\u00e9taill\u00e9s sur le r\u00e9gime de retraite CD, consultez la brochure sur le r\u00e9gime de votre province, qui se trouve dans la section <a href=\"\/fr\/formulaires-et-ressources\/\">Formulaires et ressources<\/a>.<\/p>\n\n\n  <div id=\"related-resources-block_62e03490bbb9c\" class=\"related-resources\">\r\n    <div class=\"related-resources__container blue\">\r\n      <div class=\"related-resources__heading nohovertrans\">\r\n        <span class=\"related-resources__heading__icon\">\r\n          <img decoding=\"async\" src=\"\/wp-content\/uploads\/2022\/07\/retirement-white-300x300.png\" alt=\"\">\r\n        <\/span>\r\n        <div class=\"related-resources__heading__text\">\r\n          Ressources connexes\r\n          <span class=\"related-resources__heading__expander\">\r\n            <span class=\"related-resources__heading__expand\" data-expand=\"expand\" aria-hidden=\"true\">+<\/span>\r\n            <span class=\"related-resources__heading__expand\" data-expand=\"collapse\" aria-hidden=\"true\">\u2013<\/span>\r\n          <\/span>\r\n        <\/div>\r\n      <\/div>\r\n      <div class=\"related-resources__groups\">\r\n                  <div class=\"related-resources__group\">\r\n            <div class=\"related-resources__group__heading\">\r\n              Ressources            <\/div>\r\n\r\n            <ul class=\"related-resources__links\">\r\n                              <li class=\"related-resources__link\">\r\n                                      <a class=\"nohovertrans \" href=\"https:\/\/my.canadalife.com\/acceder\"  target=\"_blank\"  >Ma Canada Vie au travail<\/a>\r\n                                  <\/li>\r\n\r\n                              <li class=\"related-resources__link\">\r\n                                      <a class=\"nohovertrans \" href=\"\/wp-content\/uploads\/2022\/07\/CBBenefits_TargetDateFunds_brochure_FR.pdf\"  target=\"_blank\"  >Fonds \u00e0 date cible<\/a>\r\n                                  <\/li>\r\n\r\n                              <li class=\"related-resources__link\">\r\n                                      <a class=\"nohovertrans \" href=\"https:\/\/my.canadalife.com\/acceder\"  target=\"_blank\"  >Trouver un formulaire<\/a>\r\n                                  <\/li>\r\n\r\n                          <\/ul>\r\n          <\/div>\r\n                  <div class=\"related-resources__group\">\r\n            <div class=\"related-resources__group__heading\">\r\n              Regardez la vid\u00e9o            <\/div>\r\n\r\n            <ul class=\"related-resources__links\">\r\n                              <li class=\"related-resources__link\">\r\n                                      <a class=\"nohovertrans \" href=\"https:\/\/go.fidelity.ca\/Target-Date-Strategies-How-they-work---Plan-Member-French.html\"  target=\"_blank\"  >Fonctionnement des fonds \u00e0 date cible (2&nbsp;m&nbsp;20&nbsp;s)<\/a>\r\n                                  <\/li>\r\n\r\n                          <\/ul>\r\n          <\/div>\r\n                  <div class=\"related-resources__group\">\r\n            <div class=\"related-resources__group__heading\">\r\n              Questions ou aide?            <\/div>\r\n\r\n            <ul class=\"related-resources__links\">\r\n                              <li class=\"related-resources__link\">\r\n                                      <a class=\"nohovertrans \" href=\"tel:1-833-900-3853\"  target=\"_blank\"  >Canada Vie sans frais 1-833-900-3853<\/a>\r\n                                  <\/li>\r\n\r\n                              <li class=\"related-resources__link\">\r\n                                      <a class=\"nohovertrans \" href=\"mailto:info@cbbenefits.ca\"  target=\"_blank\"  >info@cbbenefits.ca<\/a>\r\n                                  <\/li>\r\n\r\n                          <\/ul>\r\n          <\/div>\r\n              <\/div>\r\n    <\/div>\r\n  <\/div>\r\n","protected":false},"excerpt":{"rendered":"<p>Fonctionnement du r\u00e9gime de retraite CD Le RRBC est un r\u00e9gime de retraite \u00e0 cotisations d\u00e9termin\u00e9es (CD). Cela signifie que les cotisations sont fixes et que les prestations de retraite varient en fonction du rendement de vos placements et du solde de votre compte \u00e0 la retraite. Vos cotisations et celles de votre employeur vous [&hellip;]<\/p>\n","protected":false},"author":1,"featured_media":0,"parent":1667,"menu_order":0,"comment_status":"closed","ping_status":"closed","template":"page-template\/page-with-related-resources.php","meta":{"_acf_changed":false,"footnotes":""},"class_list":["post-1669","page","type-page","status-publish","hentry"],"acf":[],"_links":{"self":[{"href":"https:\/\/bcavantages.ca\/fr\/wp-json\/wp\/v2\/pages\/1669","targetHints":{"allow":["GET"]}}],"collection":[{"href":"https:\/\/bcavantages.ca\/fr\/wp-json\/wp\/v2\/pages"}],"about":[{"href":"https:\/\/bcavantages.ca\/fr\/wp-json\/wp\/v2\/types\/page"}],"author":[{"embeddable":true,"href":"https:\/\/bcavantages.ca\/fr\/wp-json\/wp\/v2\/users\/1"}],"replies":[{"embeddable":true,"href":"https:\/\/bcavantages.ca\/fr\/wp-json\/wp\/v2\/comments?post=1669"}],"version-history":[{"count":20,"href":"https:\/\/bcavantages.ca\/fr\/wp-json\/wp\/v2\/pages\/1669\/revisions"}],"predecessor-version":[{"id":2698,"href":"https:\/\/bcavantages.ca\/fr\/wp-json\/wp\/v2\/pages\/1669\/revisions\/2698"}],"up":[{"embeddable":true,"href":"https:\/\/bcavantages.ca\/fr\/wp-json\/wp\/v2\/pages\/1667"}],"wp:attachment":[{"href":"https:\/\/bcavantages.ca\/fr\/wp-json\/wp\/v2\/media?parent=1669"}],"curies":[{"name":"wp","href":"https:\/\/api.w.org\/{rel}","templated":true}]}}