{"id":1659,"date":"2022-07-25T11:03:10","date_gmt":"2022-07-25T15:03:10","guid":{"rendered":"https:\/\/www.cbbenefits.ca\/\/?page_id=1659"},"modified":"2025-11-04T10:35:44","modified_gmt":"2025-11-04T15:35:44","slug":"demarrer","status":"publish","type":"page","link":"https:\/\/bcavantages.ca\/fr\/sante-et-bien-etre\/demarrer\/","title":{"rendered":"D\u00e9marrer"},"content":{"rendered":"  <div id=\"page-hero-block_5510fe46760baa47139aa7c16407d9a2\" class=\"page-hero\">\r\n    <div class=\"page-hero__container green\" >\r\n      <div class=\"page-hero__image\">\r\n        <div class=\"page-hero__image__circle\">\r\n          <div class=\"page-hero__image__circle__bottom left\" style=\"background-image:url('\/wp-content\/uploads\/2022\/08\/health-Getting-Started-scaled-2-1920x1012.jpg')\"><\/div>\r\n        <\/div>\r\n      <\/div>\r\n      <div class=\"page-hero__wrapper\">\r\n        <div class=\"page-hero__breadcrumb\">\r\n          <h1>\r\n                          <a href=\"\/fr\/sante-et-bien-etre\/\"><span class=\"page-hero__breadcrumb__parent\">Sant\u00e9 et bien-\u00eatre<\/span><\/a> <span class=\"page-hero__breadcrumb__separator\">|<\/span>\r\n                        <span class=\"page-hero__breadcrumb__current\">\r\n                              D\u00e9marrer                          <\/span>\r\n          <\/h1>\r\n        <\/div>\r\n      <\/div>\r\n    <\/div>\r\n  <\/div>\r\n\n\n   <div id=\"anchor-link-block_49b2afd77b2ab8a422390c4ec33a91e3\" class=\"anchor-link\">\r\n      <a name=\"comment-adherer\" class=\"anchor\"><\/a>\r\n   <\/div>\r\n\n\n\n<h2 class=\"wp-block-heading\"><strong><strong><strong>Comment adh\u00e9rer<\/strong><\/strong><\/strong><\/h2>\n\n\n\n<p>Il y a quatre \u00e9tapes \u00e0 suivre pour adh\u00e9rer au r\u00e9gime&nbsp;:<\/p>\n\n\n\n<ol class=\"wp-block-list\">\n<li><strong>Prendre connaissance des renseignements sur le programme.&nbsp;<\/strong>Si vous avez un conjoint qui participe \u00e0 un r\u00e9gime d\u2019avantages sociaux collectif ou offert par un employeur, prenez le temps d\u2019examiner la protection que vous d\u00e9tenez en vertu de ce r\u00e9gime. Vous devrez examiner la fa\u00e7on dont les deux r\u00e9gimes se concertent pour offrir la protection, et aupr\u00e8s de quel r\u00e9gime il est pr\u00e9f\u00e9rable de souscrire des protections facultatives.<\/li>\n\n\n\n<li><strong>Faire vos choix.\u00a0<\/strong>Pour ce faire, consultez le Guide des choix et remplissez un <a href=\"\/wp-content\/uploads\/2025\/11\/CB-Benefits_ElectionFormAll_FR-Nov.25.pdf\" target=\"_blank\" rel=\"noreferrer noopener\">Formulaire de choix<\/a>.<\/li>\n\n\n\n<li><strong>Remplir un formulaire de <a href=\"\/wp-content\/uploads\/2025\/11\/CB-Benefits_BeneficiaryForm_FR-Nov.25.pdf\" target=\"_blank\" rel=\"noreferrer noopener\">d\u00e9signation de b\u00e9n\u00e9ficiaire(s)<\/a>.<\/strong>\u00a0Si vous ne d\u00e9signez aucun b\u00e9n\u00e9ficiaire (ou si aucun de vos b\u00e9n\u00e9ficiaires n\u2019est vivant \u00e0 la date de votre d\u00e9c\u00e8s), le paiement sera vers\u00e9 \u00e0 votre succession, ce qui pourrait entra\u00eener des retards ou des frais juridiques additionnels.<\/li>\n\n\n\n<li><strong>Retourner les documents n\u00e9cessaires.&nbsp;<\/strong>Veuillez retourner vos <a href=\"https:\/\/cbbenefits.ca\/fr\/formulaires-et-ressources\/\">Formulaires de choix et de d\u00e9signation de b\u00e9n\u00e9ficiaire(s)<\/a> comme suit :\n<ul class=\"wp-block-list\">\n<li>Participants des MBC : retournez les formulaires aux <a href=\"https:\/\/cbbenefits.ca\/fr\/contactez-nous\/#renseignements-generaux\">Services aux participants<\/a><\/li>\n\n\n\n<li>Participants de l\u2019U\u00c9BFC&nbsp;: retournez les formulaires aux <a href=\"https:\/\/cbbenefits.ca\/fr\/contactez-nous\/#renseignements-generaux\">bureaux de l\u2019U\u00c9BFC<\/a><\/li>\n\n\n\n<li>Participants de BCOQ et de BCOC : retournez les formulaires \u00e0 <a href=\"https:\/\/cbbenefits.ca\/fr\/contactez-nous\/#others\">J&amp;D Benefits<\/a><\/li>\n<\/ul>\n<\/li>\n<\/ol>\n\n\n\n<p>Pour plus de renseignements, consultez la page&nbsp;<a href=\"https:\/\/cbbenefits.ca\/fr\/sante-et-bien-etre\/apercu\/\">Aper\u00e7u<\/a>.<\/p>\n\n\n\n<p>REMARQUE : <strong>Si vous \u00eates du Canada Atlantique<\/strong>, vous pouvez acc\u00e9der aux renseignements sur le r\u00e9gime <a href=\"http:\/\/baptist-atlantic.ca\/our-convention\/departments\/pension-benefits\/\" target=\"_blank\" rel=\"noreferrer noopener\"><strong>ici<\/strong><\/a> (disponible en anglais seulement).<\/p>\n\n\n  <div id=\"related-resources-block_a1600bb8129c707dc4f201214c8b1c2c\" class=\"related-resources\">\r\n    <div class=\"related-resources__container green\">\r\n      <div class=\"related-resources__heading nohovertrans\">\r\n        <span class=\"related-resources__heading__icon\">\r\n          <img decoding=\"async\" src=\"\/wp-content\/uploads\/2022\/07\/health-black.png\" alt=\"\">\r\n        <\/span>\r\n        <div class=\"related-resources__heading__text\">\r\n          Ressources connexes\r\n          <span class=\"related-resources__heading__expander\">\r\n            <span class=\"related-resources__heading__expand\" data-expand=\"expand\" aria-hidden=\"true\">+<\/span>\r\n            <span class=\"related-resources__heading__expand\" data-expand=\"collapse\" aria-hidden=\"true\">\u2013<\/span>\r\n          <\/span>\r\n        <\/div>\r\n      <\/div>\r\n      <div class=\"related-resources__groups\">\r\n                  <div class=\"related-resources__group\">\r\n            <div class=\"related-resources__group__heading\">\r\n              Ressources            <\/div>\r\n\r\n            <ul class=\"related-resources__links\">\r\n                              <li class=\"related-resources__link\">\r\n                                      <a class=\"nohovertrans \" href=\"https:\/\/my.canadalife.com\/acceder\"  target=\"_blank\"  >Ma Canada Vie au travail<\/a>\r\n                                  <\/li>\r\n\r\n                              <li class=\"related-resources__link\">\r\n                                      <a class=\"nohovertrans \" href=\"\/wp-content\/uploads\/2025\/10\/2026-CB-Benefits-Benefits-At-a-Glance_FR.pdf\"  target=\"_blank\"  >Garanties en un coup d\u2019oeil<\/a>\r\n                                  <\/li>\r\n\r\n                              <li class=\"related-resources__link\">\r\n                                      <a class=\"nohovertrans \" href=\"\/wp-content\/uploads\/2025\/11\/FR-156241-Canadian-Baptist-Ministries-Booklet-39-Cl-201-209-Div-1-3522-24432-Standard-Enhanced-Premium-Flex_FR-designed.pdf\"  target=\"_blank\"  >Guide d\u00e9taill\u00e9 sur les avantages sociaux<\/a>\r\n                                  <\/li>\r\n\r\n                              <li class=\"related-resources__link\">\r\n                                      <a class=\"nohovertrans \" href=\"\/wp-content\/uploads\/2025\/11\/CBBenefits-Plan-Election-Guide_FR.pdf\"  target=\"_blank\"  >Guide des choix<\/a>\r\n                                  <\/li>\r\n\r\n                              <li class=\"related-resources__link\">\r\n                                      <a class=\"nohovertrans \" href=\"https:\/\/www.canadalife.com\/fr\/soutien\/formulaires\/pour-vous-et-votre-famille.html\"  target=\"_blank\"  >Trouver un formulaire sur les avantages sociaux<\/a>\r\n                                  <\/li>\r\n\r\n                              <li class=\"related-resources__link\">\r\n                                      <a class=\"nohovertrans \" href=\"\/wp-content\/uploads\/2025\/11\/CB-Benefits_ElectionFormAll_FR-Nov.25.pdf\"  target=\"_blank\"  >Formulaire de choix<\/a>\r\n                                  <\/li>\r\n\r\n                              <li class=\"related-resources__link\">\r\n                                      <a class=\"nohovertrans \" href=\"\/wp-content\/uploads\/2025\/11\/CB-Benefits_BeneficiaryForm_FR-Nov.25.pdf\"  target=\"_blank\"  >Formulaire de d\u00e9signation de b\u00e9n\u00e9ficiaire<\/a>\r\n                                  <\/li>\r\n\r\n                          <\/ul>\r\n          <\/div>\r\n                  <div class=\"related-resources__group\">\r\n            <div class=\"related-resources__group__heading\">\r\n              Questions ou aide?            <\/div>\r\n\r\n            <ul class=\"related-resources__links\">\r\n                              <li class=\"related-resources__link\">\r\n                                      <a class=\"nohovertrans \" href=\"tel:1-833-900-3853\"  target=\"_blank\"  >Canada Vie sans frais 1-833-900-3853<\/a>\r\n                                  <\/li>\r\n\r\n                              <li class=\"related-resources__link\">\r\n                                      <div class=\"related-resources__link__text\">\r\n                      <p>AGA Assurances Collectives<br \/>\n<a href=\"tel:1-800-218-7018\">1-800-218-7018<\/a><br \/>\n(BCOQ et BCOC seulement)<\/p>\n                    <\/div>\r\n                                  <\/li>\r\n\r\n                              <li class=\"related-resources__link\">\r\n                                      <a class=\"nohovertrans \" href=\"mailto:benefits@cbbenefits.ca\"  target=\"_blank\"  >benefits@cbbenefits.ca<\/a>\r\n                                  <\/li>\r\n\r\n                          <\/ul>\r\n          <\/div>\r\n              <\/div>\r\n    <\/div>\r\n  <\/div>\r\n","protected":false},"excerpt":{"rendered":"<p>Comment adh\u00e9rer Il y a quatre \u00e9tapes \u00e0 suivre pour adh\u00e9rer au r\u00e9gime&nbsp;: Pour plus de renseignements, consultez la page&nbsp;Aper\u00e7u. REMARQUE : Si vous \u00eates du Canada Atlantique, vous pouvez acc\u00e9der aux renseignements sur le r\u00e9gime ici (disponible en anglais seulement).<\/p>\n","protected":false},"author":1,"featured_media":0,"parent":1577,"menu_order":2,"comment_status":"closed","ping_status":"closed","template":"page-template\/page-with-related-resources.php","meta":{"_acf_changed":false,"footnotes":""},"class_list":["post-1659","page","type-page","status-publish","hentry"],"acf":[],"_links":{"self":[{"href":"https:\/\/bcavantages.ca\/fr\/wp-json\/wp\/v2\/pages\/1659","targetHints":{"allow":["GET"]}}],"collection":[{"href":"https:\/\/bcavantages.ca\/fr\/wp-json\/wp\/v2\/pages"}],"about":[{"href":"https:\/\/bcavantages.ca\/fr\/wp-json\/wp\/v2\/types\/page"}],"author":[{"embeddable":true,"href":"https:\/\/bcavantages.ca\/fr\/wp-json\/wp\/v2\/users\/1"}],"replies":[{"embeddable":true,"href":"https:\/\/bcavantages.ca\/fr\/wp-json\/wp\/v2\/comments?post=1659"}],"version-history":[{"count":23,"href":"https:\/\/bcavantages.ca\/fr\/wp-json\/wp\/v2\/pages\/1659\/revisions"}],"predecessor-version":[{"id":5159,"href":"https:\/\/bcavantages.ca\/fr\/wp-json\/wp\/v2\/pages\/1659\/revisions\/5159"}],"up":[{"embeddable":true,"href":"https:\/\/bcavantages.ca\/fr\/wp-json\/wp\/v2\/pages\/1577"}],"wp:attachment":[{"href":"https:\/\/bcavantages.ca\/fr\/wp-json\/wp\/v2\/media?parent=1659"}],"curies":[{"name":"wp","href":"https:\/\/api.w.org\/{rel}","templated":true}]}}