{"id":1657,"date":"2022-07-26T17:06:20","date_gmt":"2022-07-26T21:06:20","guid":{"rendered":"https:\/\/www.cbbenefits.ca\/\/?page_id=1657"},"modified":"2025-11-03T20:04:28","modified_gmt":"2025-11-04T01:04:28","slug":"soins-de-sante-en-ligne-par-consult","status":"publish","type":"page","link":"https:\/\/bcavantages.ca\/fr\/sante-et-bien-etre\/apercu\/soins-de-sante-en-ligne-par-consult\/","title":{"rendered":"Soins de sant\u00e9 en ligne par Consult+"},"content":{"rendered":"  <div id=\"page-hero-block_0e86eedfd04ffb99b773cdf0c38a2223\" class=\"page-hero\">\r\n    <div class=\"page-hero__container green\" >\r\n      <div class=\"page-hero__image\">\r\n        <div class=\"page-hero__image__circle\">\r\n          <div class=\"page-hero__image__circle__bottom none\" style=\"background-image:url('\/wp-content\/uploads\/2022\/08\/health-Healthcare-online-by-Consult-scaled-1-1920x1012.jpg')\"><\/div>\r\n        <\/div>\r\n      <\/div>\r\n      <div class=\"page-hero__wrapper\">\r\n        <div class=\"page-hero__breadcrumb\">\r\n          <h1>\r\n                          <a href=\"\/fr\/sante-et-bien-etre\/\"><span class=\"page-hero__breadcrumb__parent\">Sant\u00e9 et bien-\u00eatre<\/span><\/a> <span class=\"page-hero__breadcrumb__separator\">|<\/span>\r\n                        <span class=\"page-hero__breadcrumb__current\">\r\n                              <a href=\"\/fr\/sante-et-bien-etre\/apercu\/\">Aper\u00e7u<\/a>\r\n                          <\/span>\r\n          <\/h1>\r\n        <\/div>\r\n      <\/div>\r\n    <\/div>\r\n  <\/div>\r\n\n\n\n<h2 class=\"wp-block-heading\">Soins de sant\u00e9 en ligne par <em>Consult+<\/em><\/h2>\n\n\n\n<p><strong><em>Consult+<\/em><\/strong>&nbsp;vous offre un acc\u00e8s en ligne s\u00e9curis\u00e9, et ce, jour et nuit et sur demande, \u00e0 des sp\u00e9cialistes de soins de sant\u00e9 canadiens. Pr\u00e9valez-vous de ce service sur votre appareil mobile ou votre ordinateur \u2013 o\u00f9 et quand vous en avez besoin.<\/p>\n\n\n\n<p>Vous et les membres de votre famille pouvez vous inscrire \u00e0 <strong><em>Consult+<\/em><\/strong> et acc\u00e9der \u00e0 bon nombre des services pour lesquels vous consulteriez habituellement votre fournisseur de soins primaires, dont :<\/p>\n\n\n\n<ul class=\"wp-block-list\">\n<li>les allergies, le rhume et la grippe<\/li>\n\n\n\n<li>la d\u00e9pression et l\u2019anxi\u00e9t\u00e9<\/li>\n\n\n\n<li>des probl\u00e8mes de la peau et de la vue<\/li>\n<\/ul>\n\n\n\n<p>&nbsp;&nbsp;&nbsp;&nbsp;\u2026et plus encore<\/p>\n\n\n\n<h3 class=\"wp-block-heading\"><strong>Les cliniciens de <em>Consult+<\/em> peuvent fournir :<\/strong><\/h3>\n\n\n\n<ul class=\"wp-block-list\">\n<li>des diagnostics et des conseils<\/li>\n\n\n\n<li>des ordonnances (nouvelles et renouvellements)<\/li>\n\n\n\n<li>des demandes de laboratoire<\/li>\n\n\n\n<li>des renvois vers des sp\u00e9cialistes<\/li>\n<\/ul>\n\n\n\n<p>Fournis en partenariat avec la Canada Vie, les services de <strong><em>Consult+<\/em><\/strong> sont offerts par l\u2019interm\u00e9diaire de Dialogue \u2013 l\u2019un des principaux fournisseurs de t\u00e9l\u00e9m\u00e9decine au Canada.<\/p>\n\n\n\n<p><strong><em>Consult+<\/em><\/strong> peut repr\u00e9senter un excellent ajout \u00e0 votre \u00e9quipe habituelle de soins de sant\u00e9. Avec votre consentement, les notes m\u00e9dicales issues de vos consultations virtuelles peuvent \u00eatre transmises \u00e0 votre m\u00e9decin de famille. Bien entendu, vos renseignements m\u00e9dicaux ne seront jamais communiqu\u00e9s aux MBC ni \u00e0 la Canada Vie.<\/p>\n\n\n\n<p>Avec <strong><em>Consult+<\/em><\/strong>, vous ne devez plus attendre d\u2019obtenir un rendez-vous avec votre m\u00e9decin ni consacrer du temps pour vous rendre \u00e0 son bureau. Essayez ce service la prochaine fois que vous aurez besoin de soins!<\/p>\n\n\n  <div id=\"related-resources-block_d53205c43402904c8030cbe2fd2d46ad\" class=\"related-resources\">\r\n    <div class=\"related-resources__container green\">\r\n      <div class=\"related-resources__heading nohovertrans\">\r\n        <span class=\"related-resources__heading__icon\">\r\n          <img decoding=\"async\" src=\"\/wp-content\/uploads\/2022\/07\/health-black.png\" alt=\"\">\r\n        <\/span>\r\n        <div class=\"related-resources__heading__text\">\r\n          Ressources connexes\r\n          <span class=\"related-resources__heading__expander\">\r\n            <span class=\"related-resources__heading__expand\" data-expand=\"expand\" aria-hidden=\"true\">+<\/span>\r\n            <span class=\"related-resources__heading__expand\" data-expand=\"collapse\" aria-hidden=\"true\">\u2013<\/span>\r\n          <\/span>\r\n        <\/div>\r\n      <\/div>\r\n      <div class=\"related-resources__groups\">\r\n                  <div class=\"related-resources__group\">\r\n            <div class=\"related-resources__group__heading\">\r\n              Ressources            <\/div>\r\n\r\n            <ul class=\"related-resources__links\">\r\n                              <li class=\"related-resources__link\">\r\n                                      <a class=\"nohovertrans \" href=\"https:\/\/my.canadalife.com\/acceder\"  target=\"_blank\"  >Ma Canada Vie au travail<\/a>\r\n                                  <\/li>\r\n\r\n                              <li class=\"related-resources__link\">\r\n                                      <a class=\"nohovertrans \" href=\"\/wp-content\/uploads\/2025\/10\/2026-CB-Benefits-Benefits-At-a-Glance_FR.pdf\"  target=\"_blank\"  >Garanties en un coup d\u2019oeil<\/a>\r\n                                  <\/li>\r\n\r\n                              <li class=\"related-resources__link\">\r\n                                      <a class=\"nohovertrans \" href=\"\/wp-content\/uploads\/2025\/11\/FR-156241-Canadian-Baptist-Ministries-Booklet-39-Cl-201-209-Div-1-3522-24432-Standard-Enhanced-Premium-Flex_FR-designed.pdf\"  target=\"_blank\"  >Guide d\u00e9taill\u00e9 sur les avantages sociaux<\/a>\r\n                                  <\/li>\r\n\r\n                              <li class=\"related-resources__link\">\r\n                                      <a class=\"nohovertrans \" href=\"\/wp-content\/uploads\/2022\/07\/Tout-savoir-sur-Consult.pdf\"  target=\"_blank\"  ><em>Consult+<\/em> : Plus de d\u00e9tails<\/a>\r\n                                  <\/li>\r\n\r\n                          <\/ul>\r\n          <\/div>\r\n                  <div class=\"related-resources__group\">\r\n            <div class=\"related-resources__group__heading\">\r\n              Regardez la vid\u00e9o            <\/div>\r\n\r\n            <ul class=\"related-resources__links\">\r\n                              <li class=\"related-resources__link\">\r\n                                      <a class=\"nohovertrans \" href=\"https:\/\/share.vidyard.com\/watch\/AABVBnXbvrQYgwDojfRaX4\"  target=\"_blank\"  ><em>Consult+<\/em> : Comment s\u2019inscrire<\/a>\r\n                                  <\/li>\r\n\r\n                          <\/ul>\r\n          <\/div>\r\n                  <div class=\"related-resources__group\">\r\n            <div class=\"related-resources__group__heading\">\r\n              Questions ou aide?            <\/div>\r\n\r\n            <ul class=\"related-resources__links\">\r\n                              <li class=\"related-resources__link\">\r\n                                      <a class=\"nohovertrans \" href=\"tel:1-833-900-3853\"  target=\"_blank\"  >Canada Vie sans frais 1-833-900-3853<\/a>\r\n                                  <\/li>\r\n\r\n                              <li class=\"related-resources__link\">\r\n                                      <a class=\"nohovertrans \" href=\"mailto:benefits@cbbenefits.ca\"  target=\"_blank\"  >benefits@cbbenefits.ca<\/a>\r\n                                  <\/li>\r\n\r\n                          <\/ul>\r\n          <\/div>\r\n              <\/div>\r\n    <\/div>\r\n  <\/div>\r\n","protected":false},"excerpt":{"rendered":"<p>Soins de sant\u00e9 en ligne par Consult+ Consult+&nbsp;vous offre un acc\u00e8s en ligne s\u00e9curis\u00e9, et ce, jour et nuit et sur demande, \u00e0 des sp\u00e9cialistes de soins de sant\u00e9 canadiens. Pr\u00e9valez-vous de ce service sur votre appareil mobile ou votre ordinateur \u2013 o\u00f9 et quand vous en avez besoin. Vous et les membres de votre [&hellip;]<\/p>\n","protected":false},"author":1,"featured_media":0,"parent":1613,"menu_order":2,"comment_status":"closed","ping_status":"closed","template":"page-template\/page-with-related-resources.php","meta":{"_acf_changed":false,"footnotes":""},"class_list":["post-1657","page","type-page","status-publish","hentry"],"acf":[],"_links":{"self":[{"href":"https:\/\/bcavantages.ca\/fr\/wp-json\/wp\/v2\/pages\/1657","targetHints":{"allow":["GET"]}}],"collection":[{"href":"https:\/\/bcavantages.ca\/fr\/wp-json\/wp\/v2\/pages"}],"about":[{"href":"https:\/\/bcavantages.ca\/fr\/wp-json\/wp\/v2\/types\/page"}],"author":[{"embeddable":true,"href":"https:\/\/bcavantages.ca\/fr\/wp-json\/wp\/v2\/users\/1"}],"replies":[{"embeddable":true,"href":"https:\/\/bcavantages.ca\/fr\/wp-json\/wp\/v2\/comments?post=1657"}],"version-history":[{"count":20,"href":"https:\/\/bcavantages.ca\/fr\/wp-json\/wp\/v2\/pages\/1657\/revisions"}],"predecessor-version":[{"id":5117,"href":"https:\/\/bcavantages.ca\/fr\/wp-json\/wp\/v2\/pages\/1657\/revisions\/5117"}],"up":[{"embeddable":true,"href":"https:\/\/bcavantages.ca\/fr\/wp-json\/wp\/v2\/pages\/1613"}],"wp:attachment":[{"href":"https:\/\/bcavantages.ca\/fr\/wp-json\/wp\/v2\/media?parent=1657"}],"curies":[{"name":"wp","href":"https:\/\/api.w.org\/{rel}","templated":true}]}}