{"id":1619,"date":"2022-07-25T11:03:39","date_gmt":"2022-07-25T15:03:39","guid":{"rendered":"https:\/\/www.cbbenefits.ca\/\/?page_id=1619"},"modified":"2025-11-04T10:36:30","modified_gmt":"2025-11-04T15:36:30","slug":"participant-actuel","status":"publish","type":"page","link":"https:\/\/bcavantages.ca\/fr\/sante-et-bien-etre\/participant-actuel\/","title":{"rendered":"Participant actuel"},"content":{"rendered":"  <div id=\"page-hero-block_32135f772415c2c8628d86dae918fb98\" class=\"page-hero\">\r\n    <div class=\"page-hero__container green\" >\r\n      <div class=\"page-hero__image\">\r\n        <div class=\"page-hero__image__circle\">\r\n          <div class=\"page-hero__image__circle__bottom left\" style=\"background-image:url('\/wp-content\/uploads\/2022\/08\/health-Current-member-scaled-1-1920x1012.jpg')\"><\/div>\r\n        <\/div>\r\n      <\/div>\r\n      <div class=\"page-hero__wrapper\">\r\n        <div class=\"page-hero__breadcrumb\">\r\n          <h1>\r\n                          <a href=\"\/fr\/sante-et-bien-etre\/\"><span class=\"page-hero__breadcrumb__parent\">Sant\u00e9 et bien-\u00eatre<\/span><\/a> <span class=\"page-hero__breadcrumb__separator\">|<\/span>\r\n                        <span class=\"page-hero__breadcrumb__current\">\r\n                              Participant actuel                          <\/span>\r\n          <\/h1>\r\n        <\/div>\r\n      <\/div>\r\n    <\/div>\r\n  <\/div>\r\n\n\n   <div id=\"anchor-link-block_f3935bad77252750444dca715669850b\" class=\"anchor-link\">\r\n      <a name=\"presenter-une-demande-de-reglement\" class=\"anchor\"><\/a>\r\n   <\/div>\r\n\n\n\n<h2 class=\"wp-block-heading\">Pr\u00e9senter une demande de r\u00e8glement<\/h2>\n\n\n\n<p><strong>M\u00e9dicaments sur ordonnance <\/strong>\u2013 Apr\u00e8s avoir adh\u00e9r\u00e9 au r\u00e9gime, vous recevrez une carte de m\u00e9dicaments. Il suffit de pr\u00e9senter cette carte \u00e0 la pharmacie au moment de faire ex\u00e9cuter une ordonnance.<\/p>\n\n\n\n<p><strong>Pour la majorit\u00e9 des autres demandes de r\u00e8glement pour soins de sant\u00e9 et soins dentaires<\/strong>, dont celles pr\u00e9sent\u00e9es au titre du Compte de gestion des d\u00e9penses sant\u00e9 (CGDS), la fa\u00e7on la plus simple et rapide consiste \u00e0 les soumettre dans <a href=\"https:\/\/my.canadalife.com\/acceder\" target=\"_blank\" rel=\"noreferrer noopener\">Ma Canada Vie au travail<\/a>. Il suffit d\u2019\u00eatre inscrit \u00e0 ce site et d\u2019avoir demand\u00e9 le d\u00e9p\u00f4t direct des paiements.<\/p>\n\n\n\n<p>Si votre conjoint participe \u00e0 un r\u00e9gime d\u2019avantages sociaux, vous pourriez \u00eatre en mesure de coordonner les prestations avec son r\u00e9gime afin d\u2019obtenir un remboursement plus complet. De plus, si vous d\u00e9tenez un CGDS, vous pourriez l\u2019utiliser pour r\u00e9gler des d\u00e9penses qui ne sont pas couvertes par votre r\u00e9gime, ni celui de votre conjoint.<\/p>\n\n\n\n<p><strong>Si vous pr\u00e9f\u00e9rez toujours remplir un formulaire papier<\/strong>, vous le trouverez dans <a href=\"https:\/\/my.canadalife.com\/acceder\" target=\"_blank\" rel=\"noreferrer noopener\">Ma Canada Vie au travail<\/a>. (Rendez-vous \u00e0 \u00ab&nbsp;Trouver un formulaire&nbsp;\u00bb dans Ressources connexes.)<\/p>\n\n\n\n<p><em>CONSEIL :<\/em> Vous ne savez pas comment soumettre une demande de r\u00e8glement en ligne? Les conseillers&nbsp; de la Canada Vie ont \u00e0 c\u0153ur de vous aider. Il suffit de les appeler!<\/p>\n\n\n\n<p><strong>Pour les assurances vie, DMA et maladies graves <\/strong>\u2013 Veuillez consulter le Guide d\u00e9taill\u00e9 des avantages sociaux.<\/p>\n\n\n\n<p><strong><em>QUELQUES REMARQUES<\/em><\/strong><\/p>\n\n\n\n<ul class=\"wp-block-list\">\n<li>Vous devez soumettre vos demandes de r\u00e8glement \u00e0 la Canada Vie au plus tard 15 mois apr\u00e8s avoir engag\u00e9 la d\u00e9pense (et, si vous la soumettez au moyen d\u2019un formulaire papier, n\u2019oubliez pas d\u2019annexer vos re\u00e7us!).<\/li>\n\n\n\n<li>Les demandes relatives au CGDS doivent \u00eatre soumises 90 jours au plus tard apr\u00e8s la fin de l\u2019ann\u00e9e pendant laquelle la d\u00e9pense a \u00e9t\u00e9 engag\u00e9e.<\/li>\n\n\n\n<li><em>CONSEIL : <\/em>&nbsp;Assurez-vous de conserver les re\u00e7us pendant 12 mois \u00e0 partir de la date \u00e0 laquelle vous soumettez vos demandes de r\u00e8glement comme preuve de la transaction. C\u2019est aussi une bonne id\u00e9e de conserver une copie de l\u2019Explication des prestations apr\u00e8s avoir re\u00e7u votre remboursement.<\/li>\n<\/ul>\n\n\n\n<p><a id=\"_msocom_1\"><\/a><\/p>\n\n\n   <div id=\"spacer-block_5d9d894e2c2f7087b8c5a0963341afcc\" class=\"spacer spacer--small\">\r\n\r\n   <\/div>\r\n\n\n   <div id=\"anchor-link-block_fb1eb689ee8243b09577dfe19b3f7541\" class=\"anchor-link\">\r\n      <a name=\"evenements-de-la-vie\" class=\"anchor\"><\/a>\r\n   <\/div>\r\n\n\n\n<h2 class=\"wp-block-heading\"><strong>\u00c9v\u00e9nements de la vie<\/strong><\/h2>\n\n\n\n<p>La vie peut prendre plusieurs d\u00e9tours, et c\u2019est important que votre protection d\u2019avantages sociaux puisse s\u2019adapter \u00e0 vos besoins \u00e9volutifs.<\/p>\n\n\n\n<p>Si vous vivez un changement de situation familiale qui a une incidence sur vos besoins en mati\u00e8re d\u2019avantages sociaux, vous pouvez modifier vos options dans les 31 jours suivants sans devoir attendre la prochaine p\u00e9riode de renouvellement de l\u2019adh\u00e9sion.<\/p>\n\n\n\n<div style=\"padding:56.25% 0 0 0;position:relative;\"><iframe src=\"https:\/\/player.vimeo.com\/video\/1133271559?h=7a1683859c&amp;badge=0&amp;autopause=0&amp;player_id=0&amp;app_id=58479\" frameborder=\"0\" allow=\"autoplay; fullscreen; picture-in-picture; clipboard-write; encrypted-media; web-share\" referrerpolicy=\"strict-origin-when-cross-origin\" style=\"position:absolute;top:0;left:0;width:100%;height:100%;\" title=\"2026 \u2013 Consider: Has anything changed for you? (1 min)\"><\/iframe><\/div><script src=\"https:\/\/player.vimeo.com\/api\/player.js\"><\/script>\n\n\n\n<p>Un changement de situation familiale comprend :<\/p>\n\n\n\n<ul class=\"wp-block-list\">\n<li>un mariage ou une union de fait;<\/li>\n\n\n\n<li>la naissance ou l\u2019adoption d\u2019un enfant;<\/li>\n\n\n\n<li>une s\u00e9paration ou un divorce;<\/li>\n\n\n\n<li>la perte de la protection offerte en vertu du r\u00e9gime d\u2019avantages sociaux de votre conjoint (par exemple, si celui-ci perd son emploi);<\/li>\n\n\n\n<li>le d\u00e9c\u00e8s du conjoint ou d\u2019un enfant unique;<\/li>\n\n\n\n<li>l\u2019inadmissibilit\u00e9 de votre conjoint ou d\u2019un enfant unique \u00e0 la protection (par exemple, en raison d\u2019un divorce ou, pour un enfant, de l\u2019atteinte de l\u2019\u00e2ge limite d\u2019admissibilit\u00e9).<\/li>\n<\/ul>\n\n\n\n<p>REMARQUE IMPORTANTE : Consultez l\u2019administrateur du r\u00e9gime pour conna\u00eetre tous les d\u00e9tails pertinents au plus tard 31 jours apr\u00e8s le changement de situation familiale. Certaines conditions sont applicables.<\/p>\n\n\n\n<p><strong>Lorsque vous prenez votre retraite ou que votre emploi prend fin<\/strong>, vous cessez d\u2019\u00eatre admissible au r\u00e9gime d\u2019employeur. Vous pourriez toutefois \u00eatre en mesure de convertir votre assurance vie collective en une police individuelle. Communiquez avec la Canada Vie pour plus de d\u00e9tails.<\/p>\n\n\n\n<p><strong>\u00c0 la retraite,<\/strong> vous voudrez peut-\u00eatre adh\u00e9rer au <a href=\"https:\/\/cbbenefits.ca\/fr\/sante-et-bien-etre\/a-la-retraite-ou-sur-le-point-de-quitter-la-vie-active\/\">r\u00e9gime d\u2019avantages sociaux des retrait\u00e9s<\/a>, dont vous serez responsable des primes. Pour plus de renseignements, veuillez consulter le Guide de s\u00e9lection des avantages sociaux des retrait\u00e9s, qui se trouve dans la section \u00ab&nbsp;<a href=\"https:\/\/cbbenefits.ca\/fr\/sante-et-bien-etre\/a-la-retraite-ou-sur-le-point-de-quitter-la-vie-active\/\">\u00c0 la retraite ou sur le point de quitter la vie active?<\/a>&nbsp;\u00bb, ou communiquez avec votre bureau r\u00e9gional.<\/p>\n\n\n   <div id=\"spacer-block_77a2be23fe4c66adfc555376b68e6b41\" class=\"spacer spacer--regular\">\r\n\r\n   <\/div>\r\n\n\n   <div id=\"anchor-link-block_ca7ab4ba7dacd5e680b8167ae37e83e6\" class=\"anchor-link\">\r\n      <a name=\"renouvellement-de-ladhesion\" class=\"anchor\"><\/a>\r\n   <\/div>\r\n\n\n\n<h2 class=\"wp-block-heading\"><strong><strong>Renouvellement de l\u2019adh\u00e9sion<\/strong><\/strong><\/h2>\n\n\n\n<p>Tous les deux ans, pendant la p\u00e9riode de renouvellement de l\u2019adh\u00e9sion, vous avez la possibilit\u00e9 de passer votre couverture en revue et d\u2019y apporter des changements. Cette p\u00e9riode se tient g\u00e9n\u00e9ralement \u00e0 la fin de novembre ou au d\u00e9but de d\u00e9cembre, en vue du d\u00e9but de l\u2019ann\u00e9e d\u2019assurance suivant le 1<sup>er<\/sup> janvier. <\/p>\n\n\n\n<p>Avant de renouveler votre adh\u00e9sion, vous avez int\u00e9r\u00eat \u00e0 passer en revue l\u2019historique de vos demandes de r\u00e8glement (dans <a href=\"https:\/\/my.canadalife.com\/acceder\" target=\"_blank\" rel=\"noreferrer noopener\">Ma Canada Vie au travail<\/a>), de r\u00e9fl\u00e9chir \u00e0 vos choix et de d\u00e9terminer si vos besoins ont chang\u00e9, ou sont sur le point de le faire.<\/p>\n\n\n  <div id=\"cta-video-block_cdfc570fd37e4b235f681dbcd48d61a5\" class=\"cta-video\">\r\n    <a href=\"https:\/\/vimeo.com\/1133271559\/7a1683859c?share=copy&#038;fl=sv&#038;fe=ci\" target=\"_blank\">\r\n      <div class=\"cta-video__container green\">\r\n        <div class=\"cta-video__icon\"><\/div>\r\n        <div class=\"cta-video__content\">\r\n          <div class=\"cta-video__heading\">\r\n            Regardez la vid\u00e9o          <\/div>\r\n          <div class=\"cta-video__description\">\r\n            Votre situation a-t-elle chang\u00e9? (disponible en anglais seulement)\u00a0(1 m)          <\/div>\r\n        <\/div>\r\n      <\/div>\r\n    <\/a>\r\n  <\/div>\r\n\n\n  <div id=\"related-resources-block_b51c6e1a279dc21d7bd2ae1f3edb2a76\" class=\"related-resources\">\r\n    <div class=\"related-resources__container green\">\r\n      <div class=\"related-resources__heading nohovertrans\">\r\n        <span class=\"related-resources__heading__icon\">\r\n          <img decoding=\"async\" src=\"\/wp-content\/uploads\/2022\/07\/health-black.png\" alt=\"\">\r\n        <\/span>\r\n        <div class=\"related-resources__heading__text\">\r\n          Ressources connexes\r\n          <span class=\"related-resources__heading__expander\">\r\n            <span class=\"related-resources__heading__expand\" data-expand=\"expand\" aria-hidden=\"true\">+<\/span>\r\n            <span class=\"related-resources__heading__expand\" data-expand=\"collapse\" aria-hidden=\"true\">\u2013<\/span>\r\n          <\/span>\r\n        <\/div>\r\n      <\/div>\r\n      <div class=\"related-resources__groups\">\r\n                  <div class=\"related-resources__group\">\r\n            <div class=\"related-resources__group__heading\">\r\n              Ressources            <\/div>\r\n\r\n            <ul class=\"related-resources__links\">\r\n                              <li class=\"related-resources__link\">\r\n                                      <a class=\"nohovertrans \" href=\"https:\/\/my.canadalife.com\/acceder\"  target=\"_blank\"  >Ma Canada Vie au travail<\/a>\r\n                                  <\/li>\r\n\r\n                              <li class=\"related-resources__link\">\r\n                                      <a class=\"nohovertrans \" href=\"\/wp-content\/uploads\/2025\/10\/2026-CB-Benefits-Benefits-At-a-Glance_FR.pdf\"  target=\"_blank\"  >Garanties en un coup d\u2019oeil<\/a>\r\n                                  <\/li>\r\n\r\n                              <li class=\"related-resources__link\">\r\n                                      <a class=\"nohovertrans \" href=\"\/wp-content\/uploads\/2025\/11\/FR-156241-Canadian-Baptist-Ministries-Booklet-39-Cl-201-209-Div-1-3522-24432-Standard-Enhanced-Premium-Flex_FR-designed.pdf\"  target=\"_blank\"  >Guide d\u00e9taill\u00e9 sur les avantages sociaux<\/a>\r\n                                  <\/li>\r\n\r\n                              <li class=\"related-resources__link\">\r\n                                      <a class=\"nohovertrans \" href=\"https:\/\/www.canadalife.com\/fr\/soutien\/formulaires\/pour-vous-et-votre-famille.html\"  target=\"_blank\"  >Trouver un formulaire sur les avantages sociaux<\/a>\r\n                                  <\/li>\r\n\r\n                              <li class=\"related-resources__link\">\r\n                                      <a class=\"nohovertrans \" href=\"\/wp-content\/uploads\/2025\/11\/CB-Benefits_ElectionFormAll_FR-Nov.25.pdf\"  target=\"_blank\"  >Formulaire de choix<\/a>\r\n                                  <\/li>\r\n\r\n                              <li class=\"related-resources__link\">\r\n                                      <a class=\"nohovertrans \" href=\"\/wp-content\/uploads\/2025\/11\/CB-Benefits_BeneficiaryForm_FR-Nov.25.pdf\"  target=\"_blank\"  >Formulaire de d\u00e9signation de b\u00e9n\u00e9ficiaire<\/a>\r\n                                  <\/li>\r\n\r\n                          <\/ul>\r\n          <\/div>\r\n                  <div class=\"related-resources__group\">\r\n            <div class=\"related-resources__group__heading\">\r\n              Regardez la vid\u00e9o            <\/div>\r\n\r\n            <ul class=\"related-resources__links\">\r\n                              <li class=\"related-resources__link\">\r\n                                      <a class=\"nohovertrans \" href=\"https:\/\/vimeo.com\/1133271559\/7a1683859c?share=copy&#038;fl=sv&#038;fe=ci\"  target=\"_blank\"  >Votre situation a-t-elle chang\u00e9? (disponible en anglais seulement) (1&nbsp;m)<\/a>\r\n                                  <\/li>\r\n\r\n                          <\/ul>\r\n          <\/div>\r\n                  <div class=\"related-resources__group\">\r\n            <div class=\"related-resources__group__heading\">\r\n              Questions ou aide?            <\/div>\r\n\r\n            <ul class=\"related-resources__links\">\r\n                              <li class=\"related-resources__link\">\r\n                                      <a class=\"nohovertrans \" href=\"tel:1-833-900-3853\"  target=\"_blank\"  >Canada Vie sans frais 1-833-900-3853<\/a>\r\n                                  <\/li>\r\n\r\n                              <li class=\"related-resources__link\">\r\n                                      <a class=\"nohovertrans \" href=\"mailto:benefits@cbbenefits.ca\"  target=\"_blank\"  >benefits@cbbenefits.ca<\/a>\r\n                                  <\/li>\r\n\r\n                          <\/ul>\r\n          <\/div>\r\n              <\/div>\r\n    <\/div>\r\n  <\/div>\r\n","protected":false},"excerpt":{"rendered":"<p>Pr\u00e9senter une demande de r\u00e8glement M\u00e9dicaments sur ordonnance \u2013 Apr\u00e8s avoir adh\u00e9r\u00e9 au r\u00e9gime, vous recevrez une carte de m\u00e9dicaments. Il suffit de pr\u00e9senter cette carte \u00e0 la pharmacie au moment de faire ex\u00e9cuter une ordonnance. Pour la majorit\u00e9 des autres demandes de r\u00e8glement pour soins de sant\u00e9 et soins dentaires, dont celles pr\u00e9sent\u00e9es au [&hellip;]<\/p>\n","protected":false},"author":1,"featured_media":0,"parent":1577,"menu_order":3,"comment_status":"closed","ping_status":"closed","template":"page-template\/page-with-related-resources.php","meta":{"_acf_changed":false,"footnotes":""},"class_list":["post-1619","page","type-page","status-publish","hentry"],"acf":[],"_links":{"self":[{"href":"https:\/\/bcavantages.ca\/fr\/wp-json\/wp\/v2\/pages\/1619","targetHints":{"allow":["GET"]}}],"collection":[{"href":"https:\/\/bcavantages.ca\/fr\/wp-json\/wp\/v2\/pages"}],"about":[{"href":"https:\/\/bcavantages.ca\/fr\/wp-json\/wp\/v2\/types\/page"}],"author":[{"embeddable":true,"href":"https:\/\/bcavantages.ca\/fr\/wp-json\/wp\/v2\/users\/1"}],"replies":[{"embeddable":true,"href":"https:\/\/bcavantages.ca\/fr\/wp-json\/wp\/v2\/comments?post=1619"}],"version-history":[{"count":28,"href":"https:\/\/bcavantages.ca\/fr\/wp-json\/wp\/v2\/pages\/1619\/revisions"}],"predecessor-version":[{"id":5161,"href":"https:\/\/bcavantages.ca\/fr\/wp-json\/wp\/v2\/pages\/1619\/revisions\/5161"}],"up":[{"embeddable":true,"href":"https:\/\/bcavantages.ca\/fr\/wp-json\/wp\/v2\/pages\/1577"}],"wp:attachment":[{"href":"https:\/\/bcavantages.ca\/fr\/wp-json\/wp\/v2\/media?parent=1619"}],"curies":[{"name":"wp","href":"https:\/\/api.w.org\/{rel}","templated":true}]}}