{"id":1615,"date":"2022-07-26T16:21:32","date_gmt":"2022-07-26T20:21:32","guid":{"rendered":"https:\/\/www.cbbenefits.ca\/\/?page_id=1615"},"modified":"2025-11-03T20:03:27","modified_gmt":"2025-11-04T01:03:27","slug":"programme-daide-aux-employes-pae","status":"publish","type":"page","link":"https:\/\/bcavantages.ca\/fr\/sante-et-bien-etre\/apercu\/programme-daide-aux-employes-pae\/","title":{"rendered":"Programme d\u2019aide aux employ\u00e9s (PAE)"},"content":{"rendered":"  <div id=\"page-hero-block_17dbcf2cec774758a3b14f3635abdbc3\" class=\"page-hero\">\r\n    <div class=\"page-hero__container green\" >\r\n      <div class=\"page-hero__image\">\r\n        <div class=\"page-hero__image__circle\">\r\n          <div class=\"page-hero__image__circle__bottom none\" style=\"background-image:url('\/wp-content\/uploads\/2022\/08\/health-Your-Employee-Assistance-Program-EAP-scaled-1-1920x1012.jpg')\"><\/div>\r\n        <\/div>\r\n      <\/div>\r\n      <div class=\"page-hero__wrapper\">\r\n        <div class=\"page-hero__breadcrumb\">\r\n          <h1>\r\n                          <a href=\"\/fr\/sante-et-bien-etre\/\"><span class=\"page-hero__breadcrumb__parent\">Sant\u00e9 et bien-\u00eatre<\/span><\/a> <span class=\"page-hero__breadcrumb__separator\">|<\/span>\r\n                        <span class=\"page-hero__breadcrumb__current\">\r\n                              <a href=\"\/fr\/sante-et-bien-etre\/apercu\/\">Aper\u00e7u<\/a>\r\n                          <\/span>\r\n          <\/h1>\r\n        <\/div>\r\n      <\/div>\r\n    <\/div>\r\n  <\/div>\r\n\n\n\n<h2 class=\"wp-block-heading\"><strong>Programme d\u2019aide aux employ\u00e9s (PAE)<\/strong><\/h2>\n\n\n\n<p>Le r\u00e9gime comporte un Programme d\u2019aide aux employ\u00e9s (PAE) offert par TELUS Sant\u00e9 Int\u00e9grale (anciennement LifeWorks), qui fournit des services de counseling et d\u2019aiguillage confidentiels \u00e0 court terme. Ces services, qui sont accessibles sur une base volontaire, ont pour but de vous aider, ainsi que les membres admissibles de votre famille, \u00e0 composer avec des probl\u00e8mes li\u00e9s au travail ou \u00e0 la vie personnelle.<\/p>\n\n\n\n<p class=\"has-text-align-center has-white-color has-green-background-color has-text-color has-background\">Vous aurez besoin du nom d\u2019utilisateur et du mot de passe suivants pour acc\u00e9der au site Web du PAE, \u00e0 <a href=\"https:\/\/login.lifeworks.com\/\" target=\"_blank\" rel=\"noreferrer noopener\">one.telushealth.<\/a><a href=\"http:\/\/one.telushealth.com\" target=\"_blank\" rel=\"noreferrer noopener\">com<\/a> :<br><strong><strong>Nom d\u2019utilisateur<\/strong>r ID :<\/strong> <strong><strong>canadavie<\/strong><\/strong><br><strong>Mot de passe<\/strong> :<strong> telus1<\/strong><\/p>\n\n\n\n<p>Ce service est \u00e0 votre disposition 24 heures sur 24, sept jours sur sept, et ce. Le counseling est offert par t\u00e9l\u00e9phone, en personne, en ligne ou sous forme de textos de d\u00e9veloppement personnel. Le service offre le soutien suivant&nbsp;:<\/p>\n\n\n\n<ul class=\"wp-block-list\">\n<li><strong>Soutien \u00e0 la famille<\/strong> \u2013 ressources et soutien d\u2019ordre professionnel pour vous aider \u00e0 surmonter des&nbsp;difficult\u00e9s familiales et personnelles, par exemple trouver des services de garde d\u2019enfants, obtenir de l\u2019aide relativement \u00e0 des parents vieillissants, etc.<\/li>\n\n\n\n<li><strong>Soutien financier<\/strong> \u2013 conseils de la part d\u2019experts financiers&nbsp;: planification budg\u00e9taire et gestion&nbsp;de l\u2019argent, gestion de la dette, planification de la retraite, etc.<\/li>\n<\/ul>\n\n\n\n<ul class=\"wp-block-list\">\n<li><strong>Soutien juridique<\/strong> \u2013 services de consultation confidentiels visant l\u2019obtention de renseignements et de pr\u00e9cisions au sujet de l\u2019application de la loi dans une situation donn\u00e9e&nbsp;(questions ayant trait aux&nbsp;propri\u00e9taires et aux locataires, aux testaments et aux successions, aux proc\u00e8s civils, au droit criminel, etc.)<\/li>\n\n\n\n<li><strong>Soutien \u00e0 la sant\u00e9 physique <\/strong>\u2013 conseils prodigu\u00e9s par des experts en soins de sant\u00e9 et en nutrition&nbsp;: gestion&nbsp;du poids, services d\u2019encadrement de la&nbsp;sant\u00e9, aide pour se retrouver dans le syst\u00e8me de&nbsp;sant\u00e9&nbsp;canadien, etc.<\/li>\n\n\n\n<li><strong>Services en ligne <\/strong>\u2013 programme de gestion du stress, jeux en&nbsp;ligne pour diminuer le stress, programme en&nbsp;ligne d\u2019abandon du&nbsp;tabac et services de consultation avec un conseiller du&nbsp;PAE par vid\u00e9oconf\u00e9rence ou&nbsp;dans une salle de clavardage.<\/li>\n<\/ul>\n\n\n\n<p><br><\/p>\n\n\n  <div id=\"related-resources-block_e2645b0758a286eecb1d24525819dcf6\" class=\"related-resources\">\r\n    <div class=\"related-resources__container green\">\r\n      <div class=\"related-resources__heading nohovertrans\">\r\n        <span class=\"related-resources__heading__icon\">\r\n          <img decoding=\"async\" src=\"\/wp-content\/uploads\/2022\/07\/health-black.png\" alt=\"\">\r\n        <\/span>\r\n        <div class=\"related-resources__heading__text\">\r\n          Ressources connexes\r\n          <span class=\"related-resources__heading__expander\">\r\n            <span class=\"related-resources__heading__expand\" data-expand=\"expand\" aria-hidden=\"true\">+<\/span>\r\n            <span class=\"related-resources__heading__expand\" data-expand=\"collapse\" aria-hidden=\"true\">\u2013<\/span>\r\n          <\/span>\r\n        <\/div>\r\n      <\/div>\r\n      <div class=\"related-resources__groups\">\r\n                  <div class=\"related-resources__group\">\r\n            <div class=\"related-resources__group__heading\">\r\n              Ressources            <\/div>\r\n\r\n            <ul class=\"related-resources__links\">\r\n                              <li class=\"related-resources__link\">\r\n                                      <a class=\"nohovertrans \" href=\"\/wp-content\/uploads\/2025\/11\/FR-156241-Canadian-Baptist-Ministries-Booklet-39-Cl-201-209-Div-1-3522-24432-Standard-Enhanced-Premium-Flex_FR-designed.pdf\"  target=\"_blank\"  >Guide d\u00e9taill\u00e9 sur les avantages sociaux<\/a>\r\n                                  <\/li>\r\n\r\n                              <li class=\"related-resources__link\">\r\n                                      <div class=\"related-resources__link__text\">\r\n                      <p><a href=\"https:\/\/one.telushealth.com\/\">Site Web du PAE de TELUS Sant\u00e9 Int\u00e9grale (anciennement LifeWorks)<\/a><br \/>\n(Nom d\u2019utilisateur : canadavie, Mot de passe : telus1)<\/p>\n                    <\/div>\r\n                                  <\/li>\r\n\r\n                              <li class=\"related-resources__link\">\r\n                                      <a class=\"nohovertrans \" href=\"\/wp-content\/uploads\/2022\/08\/TH_CanadaLife_EAP-HowToUseTheEAP-CAN-FR-All-Logins-V3-2023.08.07-1.pdf\"  target=\"_blank\"  >Utilisation du programme d\u2019aide aux employ\u00e9s TELUS Sant\u00e9 Int\u00e9grale (anciennement LifeWorks)<\/a>\r\n                                  <\/li>\r\n\r\n                              <li class=\"related-resources__link\">\r\n                                      <a class=\"nohovertrans \" href=\"\/wp-content\/uploads\/2022\/08\/TH_CanadaLife_EAP-OverviewBrochure-FR-Editable-V6-2023.08.10.pdf\"  target=\"_blank\"  >Vue d&rsquo;ensemble TELUS Sant\u00e9 Int\u00e9grale (anciennement LifeWorks)<\/a>\r\n                                  <\/li>\r\n\r\n                              <li class=\"related-resources__link\">\r\n                                      <a class=\"nohovertrans \" href=\"\/wp-content\/uploads\/2022\/08\/TH_CanadaLife_EAP-FAQ-CAN_FR-V1-2023.08.02.pdf\"  target=\"_blank\"  >FAQ sur TELUS Sant\u00e9 Int\u00e9grale (anciennement LifeWorks)<\/a>\r\n                                  <\/li>\r\n\r\n                          <\/ul>\r\n          <\/div>\r\n                  <div class=\"related-resources__group\">\r\n            <div class=\"related-resources__group__heading\">\r\n              Questions ou aide?            <\/div>\r\n\r\n            <ul class=\"related-resources__links\">\r\n                              <li class=\"related-resources__link\">\r\n                                      <div class=\"related-resources__link__text\">\r\n                      <p>Contactez le PAE (24\/7)<br \/>\n&nbsp;<a href=\"tel:1-866-289-6749\">1-866-289-6749<\/a><br \/>\nATS&nbsp;: <a href=\"tel:1-877-338-0275\">1-877-338-0275<\/a><\/p>\n                    <\/div>\r\n                                  <\/li>\r\n\r\n                          <\/ul>\r\n          <\/div>\r\n              <\/div>\r\n    <\/div>\r\n  <\/div>\r\n","protected":false},"excerpt":{"rendered":"<p>Programme d\u2019aide aux employ\u00e9s (PAE) Le r\u00e9gime comporte un Programme d\u2019aide aux employ\u00e9s (PAE) offert par TELUS Sant\u00e9 Int\u00e9grale (anciennement LifeWorks), qui fournit des services de counseling et d\u2019aiguillage confidentiels \u00e0 court terme. Ces services, qui sont accessibles sur une base volontaire, ont pour but de vous aider, ainsi que les membres admissibles de votre [&hellip;]<\/p>\n","protected":false},"author":1,"featured_media":0,"parent":1613,"menu_order":1,"comment_status":"closed","ping_status":"closed","template":"page-template\/page-with-related-resources.php","meta":{"_acf_changed":false,"footnotes":""},"class_list":["post-1615","page","type-page","status-publish","hentry"],"acf":[],"_links":{"self":[{"href":"https:\/\/bcavantages.ca\/fr\/wp-json\/wp\/v2\/pages\/1615","targetHints":{"allow":["GET"]}}],"collection":[{"href":"https:\/\/bcavantages.ca\/fr\/wp-json\/wp\/v2\/pages"}],"about":[{"href":"https:\/\/bcavantages.ca\/fr\/wp-json\/wp\/v2\/types\/page"}],"author":[{"embeddable":true,"href":"https:\/\/bcavantages.ca\/fr\/wp-json\/wp\/v2\/users\/1"}],"replies":[{"embeddable":true,"href":"https:\/\/bcavantages.ca\/fr\/wp-json\/wp\/v2\/comments?post=1615"}],"version-history":[{"count":21,"href":"https:\/\/bcavantages.ca\/fr\/wp-json\/wp\/v2\/pages\/1615\/revisions"}],"predecessor-version":[{"id":5116,"href":"https:\/\/bcavantages.ca\/fr\/wp-json\/wp\/v2\/pages\/1615\/revisions\/5116"}],"up":[{"embeddable":true,"href":"https:\/\/bcavantages.ca\/fr\/wp-json\/wp\/v2\/pages\/1613"}],"wp:attachment":[{"href":"https:\/\/bcavantages.ca\/fr\/wp-json\/wp\/v2\/media?parent=1615"}],"curies":[{"name":"wp","href":"https:\/\/api.w.org\/{rel}","templated":true}]}}