{"id":1613,"date":"2022-07-25T11:02:35","date_gmt":"2022-07-25T15:02:35","guid":{"rendered":"https:\/\/www.cbbenefits.ca\/\/?page_id=1613"},"modified":"2025-11-03T20:02:41","modified_gmt":"2025-11-04T01:02:41","slug":"apercu","status":"publish","type":"page","link":"https:\/\/bcavantages.ca\/fr\/sante-et-bien-etre\/apercu\/","title":{"rendered":"Aper\u00e7u"},"content":{"rendered":"  <div id=\"page-hero-block_56069801717523ccbd223b855cd4a197\" class=\"page-hero\">\r\n    <div class=\"page-hero__container green\" >\r\n      <div class=\"page-hero__image\">\r\n        <div class=\"page-hero__image__circle\">\r\n          <div class=\"page-hero__image__circle__bottom moreleft\" style=\"background-image:url('\/wp-content\/uploads\/2022\/08\/health-overview-scaled-1-1920x1012.jpg')\"><\/div>\r\n        <\/div>\r\n      <\/div>\r\n      <div class=\"page-hero__wrapper\">\r\n        <div class=\"page-hero__breadcrumb\">\r\n          <h1>\r\n                          <a href=\"\/fr\/sante-et-bien-etre\/\"><span class=\"page-hero__breadcrumb__parent\">Sant\u00e9 et bien-\u00eatre<\/span><\/a> <span class=\"page-hero__breadcrumb__separator\">|<\/span>\r\n                        <span class=\"page-hero__breadcrumb__current\">\r\n                              Aper\u00e7u                          <\/span>\r\n          <\/h1>\r\n        <\/div>\r\n      <\/div>\r\n    <\/div>\r\n  <\/div>\r\n\n\n   <div id=\"anchor-link-block_17e024cf21b5571d8043b745e8d6a371\" class=\"anchor-link\">\r\n      <a name=\"admissibilite\" class=\"anchor\"><\/a>\r\n   <\/div>\r\n\n\n\n<h2 class=\"wp-block-heading\"><strong>Admissibilit\u00e9<\/strong><\/h2>\n\n\n\n<p>Votre date d\u2019admissibilit\u00e9 au r\u00e9gime d\u2019avantages sociaux d\u00e9pend de votre statut d\u2019emploi :<\/p>\n\n\n\n<ul class=\"wp-block-list\">\n<li><strong>Personnel ex\u00e9cutif et pasteurs :<\/strong>&nbsp;\u00e0 compter de la date d\u2019embauche<\/li>\n\n\n\n<li><strong>Tous les autres employ\u00e9s :<\/strong>&nbsp;le 1<sup>er<\/sup> du mois suivant 90 jours d\u2019emploi<\/li>\n<\/ul>\n\n\n\n<p>REMARQUE : <strong>Si vous \u00eates au Canada Atlantique<\/strong>, vous pouvez acc\u00e9der \u00e0 des renseignements sur votre r\u00e9gime d\u2019avantages sociaux&nbsp;<a href=\"http:\/\/baptist-atlantic.ca\/our-convention\/departments\/pension-benefits\/\" target=\"_blank\" rel=\"noreferrer noopener\"><strong>ici<\/strong><\/a> (disponible en anglais seulement).<\/p>\n\n\n   <div id=\"spacer-block_ae4bc6084175c4600fb793b6c6b46ee7\" class=\"spacer spacer--regular\">\r\n\r\n   <\/div>\r\n\n\n   <div id=\"anchor-link-block_f79b016abccfdeffe876a34ab80a9718\" class=\"anchor-link\">\r\n      <a name=\"fonctionnement-du-regime-davantages-sociaux\" class=\"anchor\"><\/a>\r\n   <\/div>\r\n\n\n\n<h2 class=\"wp-block-heading\"><strong>Fonctionnement du r\u00e9gime d\u2019avantages sociaux<\/strong><\/h2>\n\n\n\n<p>Le r\u00e9gime d\u2019avantages sociaux des Baptistes canadiens (RASBC) joue un r\u00f4le de premier plan dans la protection de la sant\u00e9 et du bien-\u00eatre de votre famille. Le r\u00e9gime a \u00e9t\u00e9 con\u00e7u pour vous fournir une protection compl\u00e8te tout en vous laissant une certaine souplesse dans l&rsquo;utilisation de vos avantages sociaux. De plus, il offre une protection fort utile contre les \u00e9v\u00e9nements de sant\u00e9 impr\u00e9vus.<\/p>\n\n\n\n<figure class=\"wp-block-image size-full\"><img loading=\"lazy\" decoding=\"async\" width=\"656\" height=\"401\" src=\"\/wp-content\/uploads\/2025\/11\/Overview-page-graphic-FR-1.png\" alt=\"\" class=\"wp-image-5112\"\/><\/figure>\n\n\n\n<h3 class=\"wp-block-heading\"><strong>Garanties de base<\/strong><\/h3>\n\n\n\n<p>Tous les participants ont acc\u00e8s \u00e0 des garanties de base pour l\u2019invalidit\u00e9 de longue dur\u00e9e (ILD), l\u2019assurance d\u00e9c\u00e8s et mutilation accidentels (DMA), les soins de sant\u00e9 en ligne par <em>Consult+<\/em>, le Programme d\u2019aide aux employ\u00e9s (PAE) et le programme <em>Best Doctors<\/em>.<\/p>\n\n\n\n<h3 class=\"wp-block-heading\"><strong>Flexibilit\u00e9 et choix<\/strong><\/h3>\n\n\n\n<p>Vous avez ensuite la possibilit\u00e9 :<\/p>\n\n\n\n<ul class=\"wp-block-list\">\n<li>de choisir des garanties&nbsp;de soins de sant\u00e9 et de soins dentaires personnalis\u00e9es parmi trois options \u2013 Feuille verte, Feuille orange ou Feuille bleue;<\/li>\n\n\n\n<li>de souscrire des assurances additionnelles facultatives; et<\/li>\n\n\n\n<li>de mettre \u00e0 jour vos choix tous les deux ans.<\/li>\n<\/ul>\n\n\n\n<p>De cette fa\u00e7on, votre protection continue de r\u00e9pondre \u00e0 vos besoins changeants et \u00e0 votre situation personnelle.<\/p>\n\n\n\n<p>Vos choix d\u2019avantages sociaux peuvent inclure une couverture pour les m\u00e9dicaments sur ordonnance, les soins de la vue, les services param\u00e9dicaux, les services et fournitures m\u00e9dicaux, les soins dentaires et l\u2019aide m\u00e9dicale en voyage; vous pouvez aussi souscrire des assurances vie et des assurance maladies graves gr\u00e2ce au programme Libert\u00e9 de choisir de Canada Vie, ainsi qu&rsquo;une assurance d\u00e9c\u00e8s et mutilation accidentels aupr\u00e8s de CHUBB.<\/p>\n\n\n\n<p>Selon l\u2019option que vous choisissez, vous pourriez aussi avoir acc\u00e8s \u00e0 un compte de gestion des d\u00e9penses sant\u00e9 (CGDS), qui vous permettra de r\u00e9gler des d\u00e9penses m\u00e9dicales et dentaires non couvertes par le r\u00e9gime.<\/p>\n\n\n\n<p>Pour plus de d\u00e9tails, consultez le\u00a0<a href=\"\/wp-content\/uploads\/2025\/11\/FR-156241-Canadian-Baptist-Ministries-Booklet-39-Cl-201-209-Div-1-3522-24432-Standard-Enhanced-Premium-Flex_FR-designed.pdf\" target=\"_blank\" rel=\"noreferrer noopener\">Guide d\u00e9taill\u00e9 sur les avantages sociaux<\/a> ou les <a href=\"\/wp-content\/uploads\/2025\/10\/2026-CB-Benefits-Benefits-At-a-Glance_FR.pdf\" target=\"_blank\" rel=\"noreferrer noopener\">Avantages sociaux en un coup d\u2019\u0153il<\/a>.<\/p>\n\n\n  <div id=\"related-resources-block_befe947044df41b0931c2f18f45ca2fe\" class=\"related-resources\">\r\n    <div class=\"related-resources__container green\">\r\n      <div class=\"related-resources__heading nohovertrans\">\r\n        <span class=\"related-resources__heading__icon\">\r\n          <img decoding=\"async\" src=\"\/wp-content\/uploads\/2022\/07\/health-black.png\" alt=\"\">\r\n        <\/span>\r\n        <div class=\"related-resources__heading__text\">\r\n          Ressources connexes \r\n          <span class=\"related-resources__heading__expander\">\r\n            <span class=\"related-resources__heading__expand\" data-expand=\"expand\" aria-hidden=\"true\">+<\/span>\r\n            <span class=\"related-resources__heading__expand\" data-expand=\"collapse\" aria-hidden=\"true\">\u2013<\/span>\r\n          <\/span>\r\n        <\/div>\r\n      <\/div>\r\n      <div class=\"related-resources__groups\">\r\n                  <div class=\"related-resources__group\">\r\n            <div class=\"related-resources__group__heading\">\r\n              Ressources            <\/div>\r\n\r\n            <ul class=\"related-resources__links\">\r\n                              <li class=\"related-resources__link\">\r\n                                      <a class=\"nohovertrans \" href=\"https:\/\/my.canadalife.com\/acceder\"  target=\"_blank\"  >Ma Canada Vie au travail<\/a>\r\n                                  <\/li>\r\n\r\n                              <li class=\"related-resources__link\">\r\n                                      <a class=\"nohovertrans \" href=\"\/wp-content\/uploads\/2025\/10\/2026-CB-Benefits-Benefits-At-a-Glance_FR.pdf\"  target=\"_blank\"  >Garanties en un coup d\u2019oeil<\/a>\r\n                                  <\/li>\r\n\r\n                              <li class=\"related-resources__link\">\r\n                                      <a class=\"nohovertrans \" href=\"\/wp-content\/uploads\/2025\/11\/FR-156241-Canadian-Baptist-Ministries-Booklet-39-Cl-201-209-Div-1-3522-24432-Standard-Enhanced-Premium-Flex_FR-designed.pdf\"  target=\"_blank\"  >Guide d\u00e9taill\u00e9 sur les avantages sociaux<\/a>\r\n                                  <\/li>\r\n\r\n                              <li class=\"related-resources__link\">\r\n                                      <a class=\"nohovertrans \" href=\"https:\/\/www.canadalife.com\/fr\/soutien\/formulaires\/pour-vous-et-votre-famille.html\"  target=\"_blank\"  >Trouver un formulaire sur les avantages sociaux<\/a>\r\n                                  <\/li>\r\n\r\n                          <\/ul>\r\n          <\/div>\r\n                  <div class=\"related-resources__group\">\r\n            <div class=\"related-resources__group__heading\">\r\n              Questions ou aide?            <\/div>\r\n\r\n            <ul class=\"related-resources__links\">\r\n                              <li class=\"related-resources__link\">\r\n                                      <a class=\"nohovertrans \" href=\"tel:1-833-900-3853\"  target=\"_blank\"  >Canada Vie sans frais 1-833-900-3853<\/a>\r\n                                  <\/li>\r\n\r\n                              <li class=\"related-resources__link\">\r\n                                      <a class=\"nohovertrans \" href=\"mailto:benefits@cbbenefits.ca\"  target=\"_blank\"  >benefits@cbbenefits.ca<\/a>\r\n                                  <\/li>\r\n\r\n                          <\/ul>\r\n          <\/div>\r\n              <\/div>\r\n    <\/div>\r\n  <\/div>\r\n","protected":false},"excerpt":{"rendered":"<p>Admissibilit\u00e9 Votre date d\u2019admissibilit\u00e9 au r\u00e9gime d\u2019avantages sociaux d\u00e9pend de votre statut d\u2019emploi : REMARQUE : Si vous \u00eates au Canada Atlantique, vous pouvez acc\u00e9der \u00e0 des renseignements sur votre r\u00e9gime d\u2019avantages sociaux&nbsp;ici (disponible en anglais seulement). Fonctionnement du r\u00e9gime d\u2019avantages sociaux Le r\u00e9gime d\u2019avantages sociaux des Baptistes canadiens (RASBC) joue un r\u00f4le de premier [&hellip;]<\/p>\n","protected":false},"author":1,"featured_media":0,"parent":1577,"menu_order":1,"comment_status":"closed","ping_status":"closed","template":"page-template\/page-with-related-resources.php","meta":{"_acf_changed":false,"footnotes":""},"class_list":["post-1613","page","type-page","status-publish","hentry"],"acf":[],"_links":{"self":[{"href":"https:\/\/bcavantages.ca\/fr\/wp-json\/wp\/v2\/pages\/1613","targetHints":{"allow":["GET"]}}],"collection":[{"href":"https:\/\/bcavantages.ca\/fr\/wp-json\/wp\/v2\/pages"}],"about":[{"href":"https:\/\/bcavantages.ca\/fr\/wp-json\/wp\/v2\/types\/page"}],"author":[{"embeddable":true,"href":"https:\/\/bcavantages.ca\/fr\/wp-json\/wp\/v2\/users\/1"}],"replies":[{"embeddable":true,"href":"https:\/\/bcavantages.ca\/fr\/wp-json\/wp\/v2\/comments?post=1613"}],"version-history":[{"count":22,"href":"https:\/\/bcavantages.ca\/fr\/wp-json\/wp\/v2\/pages\/1613\/revisions"}],"predecessor-version":[{"id":5115,"href":"https:\/\/bcavantages.ca\/fr\/wp-json\/wp\/v2\/pages\/1613\/revisions\/5115"}],"up":[{"embeddable":true,"href":"https:\/\/bcavantages.ca\/fr\/wp-json\/wp\/v2\/pages\/1577"}],"wp:attachment":[{"href":"https:\/\/bcavantages.ca\/fr\/wp-json\/wp\/v2\/media?parent=1613"}],"curies":[{"name":"wp","href":"https:\/\/api.w.org\/{rel}","templated":true}]}}