{"id":1598,"date":"2022-07-25T10:29:48","date_gmt":"2022-07-25T14:29:48","guid":{"rendered":"https:\/\/www.cbbenefits.ca\/\/?page_id=1598"},"modified":"2026-03-10T11:46:13","modified_gmt":"2026-03-10T15:46:13","slug":"formulaires-et-ressources","status":"publish","type":"page","link":"https:\/\/bcavantages.ca\/fr\/formulaires-et-ressources\/","title":{"rendered":"Formulaires et ressources"},"content":{"rendered":"  <div id=\"text-hero-block_ea94a9ab743f2b0c71b94e2207dd4625\" class=\"text-hero\">\r\n    <div class=\"text-hero__container\">\r\n      <div class=\"text-hero__wrapper\">\r\n        <div class=\"text-hero__heading\">\r\n          <h1>Formulaires et ressources<\/h1>\r\n        <\/div>\r\n              <\/div>\r\n    <\/div>\r\n  <\/div>\r\n\n\n  <div id=\"resources-forms-block_515764d290c82a836d47906957cfb909\" class=\"resources-forms\">\r\n    <div class=\"resources-forms__flex\">\r\n              <div class=\"resources-forms__box green\">\r\n          <div class=\"resources-forms__box__head\">\r\n            <div class=\"resources-forms__box__head__icon\">\r\n              <img decoding=\"async\" src=\"\/wp-content\/uploads\/2022\/07\/health-black.png\" alt=\"\">\r\n            <\/div>\r\n            <div class=\"resources-forms__box__head__text\">\r\n              <div class=\"resources-forms__box__head__h1\">Formulaires et ressources<\/div>\r\n              <div class=\"resources-forms__box__head__h2\">Sant\u00e9 et bien-\u00eatre<\/div>\r\n            <\/div>\r\n          <\/div>\r\n\r\n          <div class=\"resources-forms__groups\">\r\n                          <div class=\"resources-forms__group\">\r\n                <div class=\"resources-forms__group__heading\">\r\n                  Ressources                <\/div>\r\n\r\n                <div class=\"resources-forms__links\">\r\n                                      <div class=\"resources-forms__link\">\r\n                                              <a class=\"\" href=\"https:\/\/my.canadalife.com\/acceder\"  target=\"_blank\" >Ma Canada Vie au travail<\/a>\r\n                                          <\/div>\r\n                                      <div class=\"resources-forms__link\">\r\n                                              <a class=\"\" href=\"\/wp-content\/uploads\/2025\/10\/2026-CB-Benefits-Benefits-At-a-Glance_FR.pdf\"  target=\"_blank\" >Garanties en un coup d\u2019oeil<\/a>\r\n                                          <\/div>\r\n                                      <div class=\"resources-forms__link\">\r\n                                              <a class=\"\" href=\"\/wp-content\/uploads\/2025\/11\/2026-CB-Benefits-Rate-Sheet_FR.pdf\"  target=\"_blank\" >Fiche de taux<\/a>\r\n                                          <\/div>\r\n                                      <div class=\"resources-forms__link\">\r\n                                              <a class=\"\" href=\"\/wp-content\/uploads\/2025\/11\/CBBenefits-Plan-Election-Guide_FR.pdf\"  target=\"_blank\" >Guide des choix<\/a>\r\n                                          <\/div>\r\n                                      <div class=\"resources-forms__link\">\r\n                                              <a class=\"\" href=\"\/wp-content\/uploads\/2025\/11\/FR-156241-Canadian-Baptist-Ministries-Booklet-39-Cl-201-209-Div-1-3522-24432-Standard-Enhanced-Premium-Flex_FR-designed.pdf\"  target=\"_blank\" >Guide d\u00e9taill\u00e9 sur les avantages sociaux<\/a>\r\n                                          <\/div>\r\n                                      <div class=\"resources-forms__link\">\r\n                                              <a class=\"\" href=\"\/wp-content\/uploads\/2025\/11\/CB-Benefits_BeneficiaryForm_FR-Nov.25.pdf\"  target=\"_blank\" >Formulaire de d\u00e9signation de b\u00e9n\u00e9ficiaire<\/a>\r\n                                          <\/div>\r\n                                      <div class=\"resources-forms__link\">\r\n                                              <a class=\"\" href=\"\/wp-content\/uploads\/2025\/11\/CB-Benefits_ElectionFormAll_FR-Nov.25.pdf\"  target=\"_blank\" >Formulaire de choix<\/a>\r\n                                          <\/div>\r\n                                      <div class=\"resources-forms__link\">\r\n                                              <div class=\"js-expander resources-forms__link__expander\">\r\n                          <span class=\"js-expander-toggle resources-forms__link__expander__toggle\" role=\"button\" aria-expanded=\"false\" aria-controls=\"resources-forms-block_515764d290c82a836d47906957cfb909_expander_7\">\r\n                            Vid\u00e9os sur les avantages sociaux                            <span class=\"expand\">+<\/span><span class=\"collapse\">\u2013<\/span>\r\n\r\n                          <\/span>\r\n                          <div aria-hidden=\"true\" id=\"resources-forms-block_515764d290c82a836d47906957cfb909_expander_7\" class=\"resources-forms__link__expander__panel\">\r\n                                                          <div class=\"resources-forms__explink\">\r\n\r\n                                                                  <a href=\"https:\/\/vimeo.com\/1128963077\/e74d64e573?share=copy&#038;fl=sv&#038;fe=ci\"  target=\"_blank\" >BC Avantages : Votre guide pour la sant\u00e9 et le bien-\u00eatre<\/a>\r\n                                \r\n\r\n                              <\/div>\r\n\r\n                                                          <div class=\"resources-forms__explink\">\r\n\r\n                                                                  <a href=\"https:\/\/vimeo.com\/1133271559\/7a1683859c?share=copy&#038;fl=sv&#038;fe=ci\"  target=\"_blank\" >Votre situation a-t-elle chang\u00e9? (disponible en anglais seulement) (1&nbsp;m)<\/a>\r\n                                \r\n\r\n                              <\/div>\r\n\r\n                                                          <div class=\"resources-forms__explink\">\r\n\r\n                                                                  <a href=\"https:\/\/www.canadalife.com\/fr\/assurance\/garanties-collectives\/garanties-mobiles\/webinaire.html\"  target=\"_blank\" >Webinaire sur l\u2019assurance Libert\u00e9 de choisir\ud83c\udd6a<\/a>\r\n                                \r\n\r\n                              <\/div>\r\n\r\n                                                      <\/div>\r\n                        <\/div>\r\n                                          <\/div>\r\n                                  <\/div>\r\n              <\/div>\r\n                          <div class=\"resources-forms__group\">\r\n                <div class=\"resources-forms__group__heading\">\r\n                  Ressources pour les retrait\u00e9s                <\/div>\r\n\r\n                <div class=\"resources-forms__links\">\r\n                                      <div class=\"resources-forms__link\">\r\n                                              <a class=\"\" href=\"\/wp-content\/uploads\/2022\/07\/CBM-RETIREE-OPTIONAL-GROUP-BENEFIT-FLEX-PLAN_26Nov2019_Digital.pdf\"  target=\"_blank\" >Brochure du r\u00e9gime d\u2019avantages sociaux des retrait\u00e9s (disponible en anglais seulement)<\/a>\r\n                                          <\/div>\r\n                                      <div class=\"resources-forms__link\">\r\n                                              <a class=\"\" href=\"\/wp-content\/uploads\/2022\/07\/Choices-Retirement-Plan-CBWC-AH_13March2019_km01.pdf\"  target=\"_blank\" >Guide de s\u00e9lection des avantages sociaux des retrait\u00e9s (disponible en anglais seulement)<\/a>\r\n                                          <\/div>\r\n                                  <\/div>\r\n              <\/div>\r\n                          <div class=\"resources-forms__group\">\r\n                <div class=\"resources-forms__group__heading\">\r\n                  Formulaires                <\/div>\r\n\r\n                <div class=\"resources-forms__links\">\r\n                                      <div class=\"resources-forms__link\">\r\n                                              <a class=\"\" href=\"https:\/\/my.canadalife.com\/acceder\"  target=\"_blank\" >Ma Canada Vie au travail<\/a>\r\n                                          <\/div>\r\n                                      <div class=\"resources-forms__link\">\r\n                                              <a class=\"\" href=\"\/wp-content\/uploads\/2022\/07\/CBM_Election-Form-Post-retirement-Benefits-Jan-2015-AH_13March2019_km01.pdf\"  target=\"_blank\" >Formulaire de choix du r\u00e9gime de retraite (disponible en anglais seulement)<\/a>\r\n                                          <\/div>\r\n                                  <\/div>\r\n              <\/div>\r\n                      <\/div>\r\n        <\/div>\r\n              <div class=\"resources-forms__box blue\">\r\n          <div class=\"resources-forms__box__head\">\r\n            <div class=\"resources-forms__box__head__icon\">\r\n              <img decoding=\"async\" src=\"\/wp-content\/uploads\/2022\/07\/retirement-white-300x300.png\" alt=\"\">\r\n            <\/div>\r\n            <div class=\"resources-forms__box__head__text\">\r\n              <div class=\"resources-forms__box__head__h1\">Formulaires et ressources<\/div>\r\n              <div class=\"resources-forms__box__head__h2\">Retraite et \u00e9pargne<\/div>\r\n            <\/div>\r\n          <\/div>\r\n\r\n          <div class=\"resources-forms__groups\">\r\n                          <div class=\"resources-forms__group\">\r\n                <div class=\"resources-forms__group__heading\">\r\n                  Ressources                <\/div>\r\n\r\n                <div class=\"resources-forms__links\">\r\n                                      <div class=\"resources-forms__link\">\r\n                                              <div class=\"js-expander resources-forms__link__expander\">\r\n                          <span class=\"js-expander-toggle resources-forms__link__expander__toggle\" role=\"button\" aria-expanded=\"false\" aria-controls=\"resources-forms-block_515764d290c82a836d47906957cfb909_expander_0\">\r\n                            Brochures sur le r\u00e9gime                            <span class=\"expand\">+<\/span><span class=\"collapse\">\u2013<\/span>\r\n\r\n                          <\/span>\r\n                          <div aria-hidden=\"true\" id=\"resources-forms-block_515764d290c82a836d47906957cfb909_expander_0\" class=\"resources-forms__link__expander__panel\">\r\n                                                          <div class=\"resources-forms__explink\">\r\n\r\n                                                                  <div class=\"related-resources__link__text\">\r\n                                    <p>Ouvrez une session dans votre compte chez la Canada Vie et s\u00e9lectionnez \u00c9pargne, puis Gestion du portefeuille, et faites d\u00e9filer jusqu&rsquo;\u00e0 Planification et apprentissage au bas de la page. Vous n&rsquo;\u00eates pas encore inscrit ? Communiquez avec votre tr\u00e9sorier pour en obtenir un exemplaire.<\/p>\n                                  <\/div>\r\n                                \r\n\r\n                              <\/div>\r\n\r\n                                                      <\/div>\r\n                        <\/div>\r\n                                          <\/div>\r\n                                      <div class=\"resources-forms__link\">\r\n                                              <div class=\"js-expander resources-forms__link__expander\">\r\n                          <span class=\"js-expander-toggle resources-forms__link__expander__toggle\" role=\"button\" aria-expanded=\"false\" aria-controls=\"resources-forms-block_515764d290c82a836d47906957cfb909_expander_1\">\r\n                            Rapport aux parties prenantes                            <span class=\"expand\">+<\/span><span class=\"collapse\">\u2013<\/span>\r\n\r\n                          <\/span>\r\n                          <div aria-hidden=\"true\" id=\"resources-forms-block_515764d290c82a836d47906957cfb909_expander_1\" class=\"resources-forms__link__expander__panel\">\r\n                                                          <div class=\"resources-forms__explink\">\r\n\r\n                                                                  <a href=\"\/wp-content\/uploads\/2022\/07\/2019-Stakeholder-Report-FR_-2020-01-16-04-50-47-1.pdf\"  target=\"_blank\" >Rapport aux parties prenantes 2019<\/a>\r\n                                \r\n\r\n                              <\/div>\r\n\r\n                                                          <div class=\"resources-forms__explink\">\r\n\r\n                                                                  <a href=\"\/wp-content\/uploads\/2022\/07\/2020-Stakeholder-Report-FR_-1.pdf\"  target=\"_blank\" >Rapport aux parties prenantes 2020<\/a>\r\n                                \r\n\r\n                              <\/div>\r\n\r\n                                                          <div class=\"resources-forms__explink\">\r\n\r\n                                                                  <a href=\"\/wp-content\/uploads\/2022\/07\/2021-Stakeholder-Report-FR_-1.pdf\"  target=\"_blank\" >Rapport aux parties prenantes 2021<\/a>\r\n                                \r\n\r\n                              <\/div>\r\n\r\n                                                          <div class=\"resources-forms__explink\">\r\n\r\n                                                                  <a href=\"\/wp-content\/uploads\/2023\/01\/Rapport-aux-parties-prenantes-2022.pdf\"  target=\"_blank\" >Rapport aux parties prenantes 2022<\/a>\r\n                                \r\n\r\n                              <\/div>\r\n\r\n                                                          <div class=\"resources-forms__explink\">\r\n\r\n                                                                  <a href=\"\/wp-content\/uploads\/2024\/05\/2023-Stakeholder-Report-FR_.pdf\"  target=\"_blank\" >Rapport aux parties prenantes 2023<\/a>\r\n                                \r\n\r\n                              <\/div>\r\n\r\n                                                          <div class=\"resources-forms__explink\">\r\n\r\n                                                                  <a href=\"\/wp-content\/uploads\/2024\/11\/2024-Stakeholder-Report-FR_.pdf\"  target=\"_blank\" >Rapport aux parties prenantes 2024<\/a>\r\n                                \r\n\r\n                              <\/div>\r\n\r\n                                                          <div class=\"resources-forms__explink\">\r\n\r\n                                                                  <a href=\"\/wp-content\/uploads\/2025\/12\/2025-Stakeholder-Report-FR-1.pdf\"  target=\"_blank\" >Rapport aux parties prenantes 2025<\/a>\r\n                                \r\n\r\n                              <\/div>\r\n\r\n                                                      <\/div>\r\n                        <\/div>\r\n                                          <\/div>\r\n                                      <div class=\"resources-forms__link\">\r\n                                              <div class=\"js-expander resources-forms__link__expander\">\r\n                          <span class=\"js-expander-toggle resources-forms__link__expander__toggle\" role=\"button\" aria-expanded=\"false\" aria-controls=\"resources-forms-block_515764d290c82a836d47906957cfb909_expander_2\">\r\n                            Webinaires et vid\u00e9os de retraite et \u00e9pargne                            <span class=\"expand\">+<\/span><span class=\"collapse\">\u2013<\/span>\r\n\r\n                          <\/span>\r\n                          <div aria-hidden=\"true\" id=\"resources-forms-block_515764d290c82a836d47906957cfb909_expander_2\" class=\"resources-forms__link__expander__panel\">\r\n                                                          <div class=\"resources-forms__explink\">\r\n\r\n                                                                  <a href=\"\/wp-content\/uploads\/2022\/07\/CBBenefits_CBPP_AdditionalVoluntaryContributions.mp4\"  target=\"_blank\" >Pourquoi verser des cotisations additionnelles facultatives? (disponible en anglais seulement) (1&nbsp;m)<\/a>\r\n                                \r\n\r\n                              <\/div>\r\n\r\n                                                          <div class=\"resources-forms__explink\">\r\n\r\n                                                                  <a href=\"https:\/\/www.brainshark.com\/grs\/vu?pi=zHrzNEUXXzZpsIz0\"  target=\"_blank\" >Webinaire de la Canada Vie : Les mesures \u00e0 prendre pour atteindre vos objectifs financiers<\/a>\r\n                                \r\n\r\n                              <\/div>\r\n\r\n                                                          <div class=\"resources-forms__explink\">\r\n\r\n                                                                  <a href=\"https:\/\/vimeo.com\/882192326\/a6f18be13d?share=copy\"  target=\"_blank\" >Le RRBC : bien plus qu\u2019un r\u00e9gime de retraite!<\/a>\r\n                                \r\n\r\n                              <\/div>\r\n\r\n                                                          <div class=\"resources-forms__explink\">\r\n\r\n                                                                  <a href=\"https:\/\/vimeo.com\/1024896938\/94c4894ac0?share=copy\"  target=\"_blank\" >Webinaire: Se rapprocher de la retraite (disponible en anglais seulement)<\/a>\r\n                                \r\n\r\n                              <\/div>\r\n\r\n                                                          <div class=\"resources-forms__explink\">\r\n\r\n                                                                  <a href=\"https:\/\/vimeo.com\/1054637158?share=copy\"  target=\"_blank\" >La retraite est presque l\u00e0!<\/a>\r\n                                \r\n\r\n                              <\/div>\r\n\r\n                                                          <div class=\"resources-forms__explink\">\r\n\r\n                                                                  <a href=\"https:\/\/vimeo.com\/1123006891\/709af0db88?share=copy\"  target=\"_blank\" >Enregistrement du webinaire sur Guided Outcomes (en anglais seulement)<\/a>\r\n                                \r\n\r\n                              <\/div>\r\n\r\n                                                          <div class=\"resources-forms__explink\">\r\n\r\n                                                                  <a href=\"\/wp-content\/uploads\/2026\/03\/Des-mises-a-jour-importantes-concernant-votre-regime.pdf\"  target=\"_blank\" >Pr\u00e9sentation sur le REER du r\u00e9gime BC Avantages<\/a>\r\n                                \r\n\r\n                              <\/div>\r\n\r\n                                                      <\/div>\r\n                        <\/div>\r\n                                          <\/div>\r\n                                      <div class=\"resources-forms__link\">\r\n                                              <div class=\"js-expander resources-forms__link__expander\">\r\n                          <span class=\"js-expander-toggle resources-forms__link__expander__toggle\" role=\"button\" aria-expanded=\"false\" aria-controls=\"resources-forms-block_515764d290c82a836d47906957cfb909_expander_3\">\r\n                            Webinaires et vid\u00e9os de retraite et \u00e9pargne pour les retrait\u00e9s                            <span class=\"expand\">+<\/span><span class=\"collapse\">\u2013<\/span>\r\n\r\n                          <\/span>\r\n                          <div aria-hidden=\"true\" id=\"resources-forms-block_515764d290c82a836d47906957cfb909_expander_3\" class=\"resources-forms__link__expander__panel\">\r\n                                                          <div class=\"resources-forms__explink\">\r\n\r\n                                                                  <a href=\"https:\/\/www.brainshark.com\/grs\/CBBenefitsRetiree2022\"  target=\"_blank\" >Canada Life Retiree Info Session (seulement disponible en anglais)<\/a>\r\n                                \r\n\r\n                              <\/div>\r\n\r\n                                                      <\/div>\r\n                        <\/div>\r\n                                          <\/div>\r\n                                      <div class=\"resources-forms__link\">\r\n                                              <div class=\"js-expander resources-forms__link__expander\">\r\n                          <span class=\"js-expander-toggle resources-forms__link__expander__toggle\" role=\"button\" aria-expanded=\"false\" aria-controls=\"resources-forms-block_515764d290c82a836d47906957cfb909_expander_4\">\r\n                            Bulletin de nouvelles                            <span class=\"expand\">+<\/span><span class=\"collapse\">\u2013<\/span>\r\n\r\n                          <\/span>\r\n                          <div aria-hidden=\"true\" id=\"resources-forms-block_515764d290c82a836d47906957cfb909_expander_4\" class=\"resources-forms__link__expander__panel\">\r\n                                                          <div class=\"resources-forms__explink\">\r\n\r\n                                                                  <a href=\"\/wp-content\/uploads\/2023\/06\/CBM_newsletter_spring2021_FR.pdf\"  target=\"_blank\" >Mise \u00e0 jour du printemps 2021 : bulletin de nouvelles<\/a>\r\n                                \r\n\r\n                              <\/div>\r\n\r\n                                                          <div class=\"resources-forms__explink\">\r\n\r\n                                                                  <a href=\"\/wp-content\/uploads\/2023\/06\/BC-Avantages_Bulletin-deNouvelles_Mai2022.pdf\"  target=\"_blank\" >Mise \u00e0 jour du printemps 2022 : bulletin de nouvelles<\/a>\r\n                                \r\n\r\n                              <\/div>\r\n\r\n                                                          <div class=\"resources-forms__explink\">\r\n\r\n                                                                  <a href=\"\/wp-content\/uploads\/2023\/09\/ECK23_CBM_Summer_FR_Digital_R-2.pdf\"  target=\"_blank\" >Mise \u00e0 jour d&rsquo;\u00e9t\u00e9 2023 : bulletin de nouvelles<\/a>\r\n                                \r\n\r\n                              <\/div>\r\n\r\n                                                      <\/div>\r\n                        <\/div>\r\n                                          <\/div>\r\n                                  <\/div>\r\n              <\/div>\r\n                          <div class=\"resources-forms__group\">\r\n                <div class=\"resources-forms__group__heading\">\r\n                  Formulaires                <\/div>\r\n\r\n                <div class=\"resources-forms__links\">\r\n                                      <div class=\"resources-forms__link\">\r\n                                              <a class=\"\" href=\"https:\/\/my.canadalife.com\/acceder\"  target=\"_blank\" >Ma Canada Vie au travail<\/a>\r\n                                          <\/div>\r\n                                      <div class=\"resources-forms__link\">\r\n                                              <a class=\"\" href=\"https:\/\/my.canadalife.com\/s\/printable-forms\"  target=\"_blank\" >Formulaire de d\u00e9signation de b\u00e9n\u00e9ficiaire<\/a>\r\n                                          <\/div>\r\n                                  <\/div>\r\n              <\/div>\r\n                      <\/div>\r\n        <\/div>\r\n      \r\n    <\/div>\r\n  <\/div>\r\n","protected":false},"excerpt":{"rendered":"","protected":false},"author":1,"featured_media":0,"parent":0,"menu_order":0,"comment_status":"closed","ping_status":"closed","template":"","meta":{"_acf_changed":false,"footnotes":""},"class_list":["post-1598","page","type-page","status-publish","hentry"],"acf":[],"_links":{"self":[{"href":"https:\/\/bcavantages.ca\/fr\/wp-json\/wp\/v2\/pages\/1598","targetHints":{"allow":["GET"]}}],"collection":[{"href":"https:\/\/bcavantages.ca\/fr\/wp-json\/wp\/v2\/pages"}],"about":[{"href":"https:\/\/bcavantages.ca\/fr\/wp-json\/wp\/v2\/types\/page"}],"author":[{"embeddable":true,"href":"https:\/\/bcavantages.ca\/fr\/wp-json\/wp\/v2\/users\/1"}],"replies":[{"embeddable":true,"href":"https:\/\/bcavantages.ca\/fr\/wp-json\/wp\/v2\/comments?post=1598"}],"version-history":[{"count":50,"href":"https:\/\/bcavantages.ca\/fr\/wp-json\/wp\/v2\/pages\/1598\/revisions"}],"predecessor-version":[{"id":5440,"href":"https:\/\/bcavantages.ca\/fr\/wp-json\/wp\/v2\/pages\/1598\/revisions\/5440"}],"wp:attachment":[{"href":"https:\/\/bcavantages.ca\/fr\/wp-json\/wp\/v2\/media?parent=1598"}],"curies":[{"name":"wp","href":"https:\/\/api.w.org\/{rel}","templated":true}]}}